{"id":982,"date":"2021-05-07T09:30:46","date_gmt":"2021-05-07T07:30:46","guid":{"rendered":"https:\/\/felixbehl.de\/?page_id=982"},"modified":"2021-05-07T11:13:14","modified_gmt":"2021-05-07T09:13:14","slug":"infos-visavid-videokonferenzen","status":"publish","type":"page","link":"https:\/\/felixbehl.de\/?page_id=982","title":{"rendered":"Infos zu Visavid Videokonferenzen"},"content":{"rendered":"\n<div id=\"ez-toc-container\" class=\"ez-toc-v2_0_82_2 counter-hierarchy ez-toc-counter ez-toc-grey ez-toc-container-direction\">\n<label for=\"ez-toc-cssicon-toggle-item-69d0d128a6d0c\" class=\"ez-toc-cssicon-toggle-label\"><span class=\"\"><span class=\"eztoc-hide\" style=\"display:none;\">Toggle<\/span><span class=\"ez-toc-icon-toggle-span\"><svg style=\"fill: #999;color:#999\" xmlns=\"http:\/\/www.w3.org\/2000\/svg\" class=\"list-377408\" width=\"20px\" height=\"20px\" viewBox=\"0 0 24 24\" fill=\"none\"><path d=\"M6 6H4v2h2V6zm14 0H8v2h12V6zM4 11h2v2H4v-2zm16 0H8v2h12v-2zM4 16h2v2H4v-2zm16 0H8v2h12v-2z\" fill=\"currentColor\"><\/path><\/svg><svg style=\"fill: #999;color:#999\" class=\"arrow-unsorted-368013\" xmlns=\"http:\/\/www.w3.org\/2000\/svg\" width=\"10px\" height=\"10px\" viewBox=\"0 0 24 24\" version=\"1.2\" baseProfile=\"tiny\"><path d=\"M18.2 9.3l-6.2-6.3-6.2 6.3c-.2.2-.3.4-.3.7s.1.5.3.7c.2.2.4.3.7.3h11c.3 0 .5-.1.7-.3.2-.2.3-.5.3-.7s-.1-.5-.3-.7zM5.8 14.7l6.2 6.3 6.2-6.3c.2-.2.3-.5.3-.7s-.1-.5-.3-.7c-.2-.2-.4-.3-.7-.3h-11c-.3 0-.5.1-.7.3-.2.2-.3.5-.3.7s.1.5.3.7z\"\/><\/svg><\/span><\/span><\/label><input type=\"checkbox\"  id=\"ez-toc-cssicon-toggle-item-69d0d128a6d0c\"  aria-label=\"Toggle\" \/><nav><ul class='ez-toc-list ez-toc-list-level-1 ' ><li class='ez-toc-page-1 ez-toc-heading-level-4'><a class=\"ez-toc-link ez-toc-heading-1\" href=\"https:\/\/felixbehl.de\/?page_id=982\/#Registrierung_Schule_und_Benutzerverwalter\" >Registrierung Schule und Benutzerverwalter<\/a><\/li><li class='ez-toc-page-1 ez-toc-heading-level-4'><a class=\"ez-toc-link ez-toc-heading-2\" href=\"https:\/\/felixbehl.de\/?page_id=982\/#Start_von_Meetings_durch_Lehrkraefte_und_Teilnahme\" >Start von Meetings durch Lehrkr\u00e4fte und Teilnahme<\/a><\/li><li class='ez-toc-page-1 ez-toc-heading-level-4'><a class=\"ez-toc-link ez-toc-heading-3\" href=\"https:\/\/felixbehl.de\/?page_id=982\/#Technische_Besonderheiten_Bildschirmfreigabe\" >Technische Besonderheiten \/ Bildschirmfreigabe<\/a><\/li><li class='ez-toc-page-1 ez-toc-heading-level-4'><a class=\"ez-toc-link ez-toc-heading-4\" href=\"https:\/\/felixbehl.de\/?page_id=982\/#Bildschirmuebertragung_vom_Tablet_mittels_AirServer\" >Bildschirm\u00fcbertragung vom Tablet mittels AirServer<\/a><\/li><li class='ez-toc-page-1 ez-toc-heading-level-4'><a class=\"ez-toc-link ez-toc-heading-5\" href=\"https:\/\/felixbehl.de\/?page_id=982\/#Bildschirmuebertragung_vom_Tablet_mittels_Video-Capture-Stick\" >Bildschirm\u00fcbertragung vom Tablet mittels Video-Capture-Stick<\/a><\/li><li class='ez-toc-page-1 ez-toc-heading-level-4'><a class=\"ez-toc-link ez-toc-heading-6\" href=\"https:\/\/felixbehl.de\/?page_id=982\/#Weitere_Hilfen\" >Weitere Hilfen<\/a><\/li><\/ul><\/nav><\/div>\n<h4 class=\"wp-block-heading\"><span class=\"ez-toc-section\" id=\"Registrierung_Schule_und_Benutzerverwalter\"><\/span>Registrierung Schule und Benutzerverwalter<span class=\"ez-toc-section-end\"><\/span><\/h4>\n\n\n\n<p>Seit Mai 2021 steht den Schulen in Bayern das neue Videokonferenztool Visavid zur Verf\u00fcgung. Zur Nutzung ist folgendes Verfahren vorgesehen:<\/p>\n\n\n\n<ol class=\"wp-block-list\"><li>Beantragung der Nutzung von Visavid durch die Schulleitung \u00fcber das Umfragemodul im amtl. Schulportal. (Benennung von Schulleitung, zust\u00e4ndigem Datenschutzbeauftragten und bis zu 3 Administratoren an der Schule zur weiteren Benutzerverwaltung f\u00fcr Lehrkr\u00e4fte.)<\/li><li>Digitale Unterzeichnung des datenschutzrechtlichen AV-Vertrags durch die Schulleitung.<\/li><li>Zusendung von Zugangsdaten an Schulleitung und Administratoren.<\/li><li>Anlegen weiterer Lehrkr\u00e4fte etc. durch Administratoren.<\/li><\/ol>\n\n\n\n<h4 class=\"wp-block-heading\"><span class=\"ez-toc-section\" id=\"Start_von_Meetings_durch_Lehrkraefte_und_Teilnahme\"><\/span>Start von Meetings durch Lehrkr\u00e4fte und Teilnahme<span class=\"ez-toc-section-end\"><\/span><\/h4>\n\n\n\n<p>Login von Lehrkr\u00e4ften als Gastgeber unter <a href=\"https:\/\/viko.bycs.de\" target=\"_blank\" rel=\"noreferrer noopener\">https:\/\/viko.bycs.de<\/a> und Starten des Meetings. Teilnehmer\/Sch\u00fcler ben\u00f6tigen keine Logindaten, sie k\u00f6nnen per Einladungslink beitreten.<br>Visavid beinhaltet die M\u00f6glichkeit, personalisierte Einladungslinks zu generieren, sodass die Anmeldung mit Fake-Namen verhindert werden kann.<\/p>\n\n\n\n<h4 class=\"wp-block-heading\"><span class=\"ez-toc-section\" id=\"Technische_Besonderheiten_Bildschirmfreigabe\"><\/span>Technische Besonderheiten \/ Bildschirmfreigabe<span class=\"ez-toc-section-end\"><\/span><\/h4>\n\n\n\n<p>F\u00fcr Visavid wird weder Software, noch App ben\u00f6tigt bzw. angeboten. Das Videokonferenzsystem l\u00e4uft komplett im Internetbrowser (ich selbst habe auf Windows-Systemen die besten Erfahrungen mit dem Chrome-Browser gemacht). <br>Das hat den Vorteil sehr niederschwelliger Teilnahme beim gleichzeitigen Nachteil, dass unter den mobilen Betriebssystemen Android und iOS\/iPadOS der Bildschirm nicht freigegeben werden kann. <br>Einige Szenarien k\u00f6nnen \u00fcber das integrierte Whiteboard &#8222;geheilt&#8220; werden, das f\u00fcr die Teilnehmer freigegeben werden kann. Dar\u00fcber k\u00f6nnen Tafelanschriften gemacht und live gezeigt werden. Auch im Whiteboard hochgeladene Bilddateien oder PDF-Dokumente k\u00f6nnen aus Visavid live \u00fcbertragen und beschriftet werden.<\/p>\n\n\n\n<p>Zur Bildschirm\u00fcbertragung von Tablets etc. gibt es verschiedene Workarrounds, die aber zus\u00e4tzlich ein Windows- oder MacOS-Ger\u00e4t voraussetzen.<\/p>\n\n\n\n<h4 class=\"wp-block-heading\"><span class=\"ez-toc-section\" id=\"Bildschirmuebertragung_vom_Tablet_mittels_AirServer\"><\/span>Bildschirm\u00fcbertragung vom Tablet mittels AirServer<span class=\"ez-toc-section-end\"><\/span><\/h4>\n\n\n\n<p>\u00dcber die<strong> Software AirServer (ab 12 $ pro PC\/Notebook ohne Begrenzung der genutzen Mobilger\u00e4te)<\/strong> ist es m\u00f6glich, den Bildschirminhalt von Tablets oder Smartphones (z.B. iOS\/iPadOS oder Android) an ein Notebook etc. zu \u00fcbertragen, von wo aus selbiger in Visavid live geteilt werden kann. Voraussetzung ist, dass die beteiligten Ger\u00e4te sich im selben Netzwerk befinden.<br><strong>Diese L\u00f6sung hat den Vorteil, dass man sie auch im Unterricht im Klassenzimmer gewinnbringend einsetzen kann, um Inhalte von Sch\u00fclerger\u00e4ten \u00fcber einen PC\/Notebook an die Gro\u00dfbilddarstellung zu bekommen.<\/strong><br>Bezug der Software unter <a rel=\"noreferrer noopener\" href=\"https:\/\/www.airserver.com\/Buy\/Education\" target=\"_blank\">https:\/\/www.airserver.com\/Buy\/Education<\/a> beim Hersteller.<br><strong>Das Vorgehen wird nach den Pfingstferien auch in Online-Fortbildungen der BdB AB\/MIL geschult.<\/strong><\/p>\n\n\n\n<h4 class=\"wp-block-heading\"><span class=\"ez-toc-section\" id=\"Bildschirmuebertragung_vom_Tablet_mittels_Video-Capture-Stick\"><\/span>Bildschirm\u00fcbertragung vom Tablet mittels Video-Capture-Stick<span class=\"ez-toc-section-end\"><\/span><\/h4>\n\n\n\n<p>\u00dcber <strong>HDMI-Video-Capture-Sticks (Hardware im USB-Stick-Format, ca. 15 \u20ac)<\/strong> ist es ebenso m\u00f6glich, den Bildschirminhalt von Tablets oder Smartphones (z.B. iOS\/iPadOS oder Android) an ein Notebook etc. zu \u00fcbertragen, von wo aus selbiger in Visavid live geteilt werden kann. Voraussetzung ist, dass die beteiligten Ger\u00e4te ein Videobild (evtl. \u00fcber Adapter) per HDMI ausgeben. <br>Die Verbindung ist dann Tablet -&gt; Adapter auf HDMI -&gt; Video-Capture-Stick am USB-Anschluss den PC\/Notebook. Der Bildschirminhalt des Mobilger\u00e4tes kann dann \u00fcber den PC\/Notebook via Visavid geteilt werden.<br><strong>Diese L\u00f6sung hat den Vorteil, dass man sie im Distanzunterricht auch gut mit Dokumentenkameras einsetzen kann (einige Modelle lassen sich nicht bildschirmf\u00fcllend per USB-Anschluss in Videokonferenzen aller gro\u00dfen Anbieter einbinden, der Umweg \u00fcber den Video-Capture-Stick hilft auch hier).<\/strong><br>Ein entsprechender Test solcher Sticks ist <a rel=\"noreferrer noopener\" href=\"https:\/\/www.heise.de\/tests\/HDMI-USB-Videograbber-mit-Full-HD-Aufloesung-ab-7-Euro-im-Test-5042020.html?seite=all\" data-type=\"URL\" data-id=\"https:\/\/www.heise.de\/tests\/HDMI-USB-Videograbber-mit-Full-HD-Aufloesung-ab-7-Euro-im-Test-5042020.html?seite=all\" target=\"_blank\">beim Heise-Verlag frei zug\u00e4nglich<\/a> zu finden.<br><strong>Das Vorgehen wird nach den Pfingstferien auch in Online-Fortbildungen der BdB AB\/MIL geschult.<\/strong><\/p>\n\n\n\n<h4 class=\"wp-block-heading\"><span class=\"ez-toc-section\" id=\"Weitere_Hilfen\"><\/span>Weitere Hilfen<span class=\"ez-toc-section-end\"><\/span><\/h4>\n\n\n\n<p>Hier werden demn\u00e4chst weitere Hilfen und Materialien angeboten.<\/p>\n\n\n\n<p class=\"has-bright-blue-background-color has-background\"><strong>Bitte beachten Sie auch unsere Online-Lehrer-Fortbildungen links in der Navigation.<\/strong><\/p>\n\n\n\n<p class=\"has-yellow-background-color has-background\"><strong>Die gesammelten Hilfestellungen von KM und ALP finden Sie  unter <a href=\"https:\/\/felixbehl.de\/?page_id=373\" data-type=\"page\" data-id=\"373\" target=\"_blank\" rel=\"noreferrer noopener\">https:\/\/www.mebis.bayern.de\/infoportal\/mebis_support\/videokonferenz-support<\/a> im im mebis-Infoportal.<\/strong><\/p>\n","protected":false},"excerpt":{"rendered":"<p>Registrierung Schule und Benutzerverwalter Seit Mai 2021 steht den Schulen in Bayern das neue Videokonferenztool Visavid zur Verf\u00fcgung. Zur Nutzung ist folgendes Verfahren vorgesehen: Beantragung der Nutzung von Visavid durch die Schulleitung \u00fcber das Umfragemodul im amtl. Schulportal. (Benennung von Schulleitung, zust\u00e4ndigem Datenschutzbeauftragten und bis zu 3 Administratoren an der Schule zur weiteren Benutzerverwaltung f\u00fcr &hellip; <a href=\"https:\/\/felixbehl.de\/?page_id=982\" class=\"more-link\"><span class=\"screen-reader-text\">Infos zu Visavid Videokonferenzen<\/span> weiterlesen<\/a><\/p>\n","protected":false},"author":1,"featured_media":0,"parent":0,"menu_order":0,"comment_status":"closed","ping_status":"closed","template":"","meta":{"footnotes":""},"class_list":["post-982","page","type-page","status-publish","hentry"],"_links":{"self":[{"href":"https:\/\/felixbehl.de\/index.php?rest_route=\/wp\/v2\/pages\/982","targetHints":{"allow":["GET"]}}],"collection":[{"href":"https:\/\/felixbehl.de\/index.php?rest_route=\/wp\/v2\/pages"}],"about":[{"href":"https:\/\/felixbehl.de\/index.php?rest_route=\/wp\/v2\/types\/page"}],"author":[{"embeddable":true,"href":"https:\/\/felixbehl.de\/index.php?rest_route=\/wp\/v2\/users\/1"}],"replies":[{"embeddable":true,"href":"https:\/\/felixbehl.de\/index.php?rest_route=%2Fwp%2Fv2%2Fcomments&post=982"}],"version-history":[{"count":8,"href":"https:\/\/felixbehl.de\/index.php?rest_route=\/wp\/v2\/pages\/982\/revisions"}],"predecessor-version":[{"id":996,"href":"https:\/\/felixbehl.de\/index.php?rest_route=\/wp\/v2\/pages\/982\/revisions\/996"}],"wp:attachment":[{"href":"https:\/\/felixbehl.de\/index.php?rest_route=%2Fwp%2Fv2%2Fmedia&parent=982"}],"curies":[{"name":"wp","href":"https:\/\/api.w.org\/{rel}","templated":true}]}}