{"id":736,"date":"2020-11-23T19:34:12","date_gmt":"2020-11-23T18:34:12","guid":{"rendered":"http:\/\/felixbehl.de\/?page_id=736"},"modified":"2022-03-08T22:46:32","modified_gmt":"2022-03-08T21:46:32","slug":"medienpaed-monatskalender-fuer-paedagogen","status":"publish","type":"page","link":"https:\/\/felixbehl.de\/","title":{"rendered":"Medienp\u00e4d. Monatskalender f\u00fcr den Unterricht"},"content":{"rendered":"\n<p><\/p>\n\n\n\n<figure class=\"wp-block-image size-large\"><img loading=\"lazy\" decoding=\"async\" width=\"978\" height=\"1024\" src=\"https:\/\/felixbehl.de\/wp-content\/uploads\/2022\/03\/4Medienkalender-978x1024.jpg\" alt=\"\" class=\"wp-image-1066\" srcset=\"https:\/\/felixbehl.de\/wp-content\/uploads\/2022\/03\/4Medienkalender-978x1024.jpg 978w, https:\/\/felixbehl.de\/wp-content\/uploads\/2022\/03\/4Medienkalender-286x300.jpg 286w, https:\/\/felixbehl.de\/wp-content\/uploads\/2022\/03\/4Medienkalender-768x804.jpg 768w, https:\/\/felixbehl.de\/wp-content\/uploads\/2022\/03\/4Medienkalender-1466x1536.jpg 1466w, https:\/\/felixbehl.de\/wp-content\/uploads\/2022\/03\/4Medienkalender-1955x2048.jpg 1955w\" sizes=\"auto, (max-width: 978px) 100vw, 978px\" \/><\/figure>\n\n\n\n<p>Den Medienp\u00e4dagogischen Monatskalender gibt es zum Download f\u00fcr Lehrkr\u00e4fte aus Bayern in mebis mit vielen zahlreichen Inhalten zur Nutzung von Smartphone, Internet und Messengerdiensten. Zus\u00e4tzlich zu den Impulsfolien werden auch Hintergrundinfos f\u00fcr Lehrkr\u00e4fte und zahlreiche Beispiele angeboten. <\/p>\n\n\n\n<p><em>&#8222;Ziel ist ein verbindlicher Belehrungskalender<\/em> <em>f\u00fcr alle Schulen und Klassen an den Grund- und Mittelschulen, der j\u00e4hrlich wiederholend in das Mediencurriculum und den Unterricht integriert wird.<\/em>&#8222;<\/p>\n\n\n\n<p class=\"has-bright-blue-background-color has-background\">Der medienp\u00e4dagogische Monatskalender kann im <strong>mebis-Kurs \u201eMedienp\u00e4dagogischer Monatskalender\u201c<\/strong> heruntergeladen werden. Dort werden auch entsprechende Aktualisierungen sowie Formulare zum Abzeichnen der jeweiligen Belehrung angeboten. Zusatzmaterialien werden schrittweise aufgebaut.<\/p>\n\n\n\n<p class=\"has-blue-gray-color has-text-color\"><strong>Zugangsdaten zum \u201eMedienp\u00e4dagogischer Monatskalender\u201c:<br><a href=\"https:\/\/lernplattform.mebis.bayern.de\/course\/view.php?id=502060\">https:\/\/lernplattform.mebis.bayern.de\/course\/view.php?id=502060<\/a>&nbsp; <\/strong><\/p>\n\n\n\n<p>Herr Behl und die Schulr\u00e4te sowie die Jugendbeamten der Polizei Aschaffenburg\/Miltenberg\/Obernburg bitten um die wohlwollende Unterst\u00fctzung, das Angebot als zus\u00e4tzlichen, zeitgem\u00e4\u00dfen Belehrungskalender an jeder GS\/MS verpflichtend in allen Jahrgangsstufen einzuf\u00fchren.<\/p>\n\n\n\n<p class=\"has-bright-blue-background-color has-background\"><strong>Weitere Infos zu den Monatsthemen &#8211; allerdings ohne Materialien und  Aufbereitung f\u00fcr den Unterricht &#8211; sind der Seite <a rel=\"noreferrer noopener\" href=\"http:\/\/www.medienwart.de\/?page_id=11\" target=\"_blank\">Medienp\u00e4dagogischer Monatskalender f\u00fcr Eltern<\/a> zu entnehmen.<\/strong><\/p>\n\n\n\n<p>Aus dem Lehrplan Plus f\u00fcr alle bayerischen Schularten:<br><strong>Schulart- und f\u00e4cher\u00fcbergreifende Bildungs- und Erziehungsziele<\/strong><br><a href=\"https:\/\/www.lehrplanplus.bayern.de\/uebergreifende-ziele\/textabsatz\/24767\">Medienbildung\/Digitale Bildung<\/a><br>Sch\u00fclerinnen und Sch\u00fcler erwerben im Rahmen der schulischen Medienbildung Kenntnisse und Fertigkeiten, um sachgerecht, selbstbestimmt und verantwortungsvoll in einer multimedial gepr\u00e4gten Gesellschaft zu handeln. <br>Sie analysieren und bewerten Vorz\u00fcge und Gefahren von Medien und nutzen diese bewusst und reflektiert f\u00fcr private und schulische Zwecke. Insbesondere w\u00e4gen sie kriteriengeleitet ihren Umgang mit sozialen Netzwerken ab.<\/p>\n","protected":false},"excerpt":{"rendered":"<p>Den Medienp\u00e4dagogischen Monatskalender gibt es zum Download f\u00fcr Lehrkr\u00e4fte aus Bayern in mebis mit vielen zahlreichen Inhalten zur Nutzung von Smartphone, Internet und Messengerdiensten. Zus\u00e4tzlich zu den Impulsfolien werden auch Hintergrundinfos f\u00fcr Lehrkr\u00e4fte und zahlreiche Beispiele angeboten. &#8222;Ziel ist ein verbindlicher Belehrungskalender f\u00fcr alle Schulen und Klassen an den Grund- und Mittelschulen, der j\u00e4hrlich wiederholend &hellip; <a href=\"https:\/\/felixbehl.de\/\" class=\"more-link\"><span class=\"screen-reader-text\">Medienp\u00e4d. Monatskalender f\u00fcr den Unterricht<\/span> weiterlesen<\/a><\/p>\n","protected":false},"author":1,"featured_media":0,"parent":0,"menu_order":0,"comment_status":"closed","ping_status":"closed","template":"","meta":{"footnotes":""},"class_list":["post-736","page","type-page","status-publish","hentry"],"_links":{"self":[{"href":"https:\/\/felixbehl.de\/index.php?rest_route=\/wp\/v2\/pages\/736","targetHints":{"allow":["GET"]}}],"collection":[{"href":"https:\/\/felixbehl.de\/index.php?rest_route=\/wp\/v2\/pages"}],"about":[{"href":"https:\/\/felixbehl.de\/index.php?rest_route=\/wp\/v2\/types\/page"}],"author":[{"embeddable":true,"href":"https:\/\/felixbehl.de\/index.php?rest_route=\/wp\/v2\/users\/1"}],"replies":[{"embeddable":true,"href":"https:\/\/felixbehl.de\/index.php?rest_route=%2Fwp%2Fv2%2Fcomments&post=736"}],"version-history":[{"count":8,"href":"https:\/\/felixbehl.de\/index.php?rest_route=\/wp\/v2\/pages\/736\/revisions"}],"predecessor-version":[{"id":1068,"href":"https:\/\/felixbehl.de\/index.php?rest_route=\/wp\/v2\/pages\/736\/revisions\/1068"}],"wp:attachment":[{"href":"https:\/\/felixbehl.de\/index.php?rest_route=%2Fwp%2Fv2%2Fmedia&parent=736"}],"curies":[{"name":"wp","href":"https:\/\/api.w.org\/{rel}","templated":true}]}}