{"id":460,"date":"2020-05-07T12:34:51","date_gmt":"2020-05-07T10:34:51","guid":{"rendered":"http:\/\/felixbehl.de\/?page_id=460"},"modified":"2020-11-04T17:16:16","modified_gmt":"2020-11-04T16:16:16","slug":"online-seminare-und-online-besprechungen","status":"publish","type":"page","link":"https:\/\/felixbehl.de\/?page_id=460","title":{"rendered":"Online-Seminare und Online-Besprechungen"},"content":{"rendered":"\n<p class=\"has-bright-blue-background-color has-background\">Einwahldaten (ausf\u00fchrliche Erkl\u00e4rungen weiter unten):<br><a rel=\"noreferrer noopener\" href=\"https:\/\/schulen-stadtab.webex.com\/meet\/behl\" target=\"_blank\"><strong>https:\/\/schulen-stadtab.webex.com\/meet\/behl<\/strong><\/a><br><strong>Meeting-ID 163 462 0857<\/strong><\/p>\n\n\n\n<p>F\u00fcr Online-Seminartage der Lehramtsanw\u00e4rter oder anderen Online-Besprechungen mit Herrn Behl gehen Sie bitte folgenderma\u00dfen vor:<\/p>\n\n\n\n<div id=\"ez-toc-container\" class=\"ez-toc-v2_0_82_2 counter-hierarchy ez-toc-counter ez-toc-grey ez-toc-container-direction\">\n<label for=\"ez-toc-cssicon-toggle-item-69de84897e03f\" class=\"ez-toc-cssicon-toggle-label\"><span class=\"\"><span class=\"eztoc-hide\" style=\"display:none;\">Toggle<\/span><span class=\"ez-toc-icon-toggle-span\"><svg style=\"fill: #999;color:#999\" xmlns=\"http:\/\/www.w3.org\/2000\/svg\" class=\"list-377408\" width=\"20px\" height=\"20px\" viewBox=\"0 0 24 24\" fill=\"none\"><path d=\"M6 6H4v2h2V6zm14 0H8v2h12V6zM4 11h2v2H4v-2zm16 0H8v2h12v-2zM4 16h2v2H4v-2zm16 0H8v2h12v-2z\" fill=\"currentColor\"><\/path><\/svg><svg style=\"fill: #999;color:#999\" class=\"arrow-unsorted-368013\" xmlns=\"http:\/\/www.w3.org\/2000\/svg\" width=\"10px\" height=\"10px\" viewBox=\"0 0 24 24\" version=\"1.2\" baseProfile=\"tiny\"><path d=\"M18.2 9.3l-6.2-6.3-6.2 6.3c-.2.2-.3.4-.3.7s.1.5.3.7c.2.2.4.3.7.3h11c.3 0 .5-.1.7-.3.2-.2.3-.5.3-.7s-.1-.5-.3-.7zM5.8 14.7l6.2 6.3 6.2-6.3c.2-.2.3-.5.3-.7s-.1-.5-.3-.7c-.2-.2-.4-.3-.7-.3h-11c-.3 0-.5.1-.7.3-.2.2-.3.5-.3.7s.1.5.3.7z\"\/><\/svg><\/span><\/span><\/label><input type=\"checkbox\"  id=\"ez-toc-cssicon-toggle-item-69de84897e03f\"  aria-label=\"Toggle\" \/><nav><ul class='ez-toc-list ez-toc-list-level-1 ' ><li class='ez-toc-page-1 ez-toc-heading-level-4'><a class=\"ez-toc-link ez-toc-heading-1\" href=\"https:\/\/felixbehl.de\/?page_id=460\/#Variante_A_Nutzung_im_Internetbrowser\" >Variante A: Nutzung im Internetbrowser<\/a><\/li><li class='ez-toc-page-1 ez-toc-heading-level-4'><a class=\"ez-toc-link ez-toc-heading-2\" href=\"https:\/\/felixbehl.de\/?page_id=460\/#Alternative_B_App-Installation_TabletSmartphone\" >Alternative B: App-Installation Tablet\/Smartphone<\/a><\/li><li class='ez-toc-page-1 ez-toc-heading-level-4'><a class=\"ez-toc-link ez-toc-heading-3\" href=\"https:\/\/felixbehl.de\/?page_id=460\/#Alternative_C_Software-Installation_WindowsmacOS\" >Alternative C: Software-Installation Windows\/macOS<\/a><\/li><li class='ez-toc-page-1 ez-toc-heading-level-4'><a class=\"ez-toc-link ez-toc-heading-4\" href=\"https:\/\/felixbehl.de\/?page_id=460\/#Alternative_D_Telefoneinwahl\" >Alternative D: Telefoneinwahl<\/a><\/li><li class='ez-toc-page-1 ez-toc-heading-level-4'><a class=\"ez-toc-link ez-toc-heading-5\" href=\"https:\/\/felixbehl.de\/?page_id=460\/#Weitere_Hilfen\" >Weitere Hilfen<\/a><\/li><\/ul><\/nav><\/div>\n<h4 class=\"wp-block-heading\"><span class=\"ez-toc-section\" id=\"Variante_A_Nutzung_im_Internetbrowser\"><\/span>Variante A: Nutzung im Internetbrowser <span class=\"ez-toc-section-end\"><\/span><\/h4>\n\n\n\n<p>Teilnahme \u00fcber den Internetbrowser (Windows\/Mac) als Teilnehmer <\/p>\n\n\n\n<ul class=\"wp-block-list\"><li>Link: <strong><a rel=\"noreferrer noopener\" href=\"https:\/\/schulen-stadtab.webex.com\/meet\/behl\" target=\"_blank\">https:\/\/schulen-stadtab.webex.com\/meet\/behl<\/a> <\/strong><\/li><li>Zutritt \u00fcber den Link unten in Ihrem Internetbrowser &#8222;<strong>Treten Sie \u00fcber Ihren Browser bei<\/strong>&#8222;.<\/li><li>Beim Betreten des Raumes geben Sie Ihren Namen ein, beispielsweise &#8222;MS-Schlumpfhausen-Behl&#8220; Wenn Sie Ihre E-Mail-Adresse nicht angeben wollen, geben sie &#8222;anonym@bdb-bay.de&#8220; an.<\/li><\/ul>\n\n\n\n<h4 class=\"wp-block-heading\"><span class=\"ez-toc-section\" id=\"Alternative_B_App-Installation_TabletSmartphone\"><\/span>Alternative B: App-Installation Tablet\/Smartphone<span class=\"ez-toc-section-end\"><\/span><\/h4>\n\n\n\n<p>Teilnahme \u00fcber die App &#8222;Cisco Webex Meetings&#8220; als Teilnehmer <\/p>\n\n\n\n<ul class=\"wp-block-list\"><li><strong>Download f\u00fcr  Android<\/strong>: <br><a rel=\"noreferrer noopener\" aria-label=\"https:\/\/play.google.com\/store\/apps\/details?id=com.cisco.webex.meetings&amp;hl=de (\u00f6ffnet in neuem Tab)\" href=\"https:\/\/play.google.com\/store\/apps\/details?id=com.cisco.webex.meetings&amp;hl=de\" target=\"_blank\">https:\/\/play.google.com\/store\/apps\/details?id=com.cisco.webex.meetings&amp;hl=de<\/a><\/li><li><strong>Download f\u00fcr <\/strong> <strong>iOS\/iPadOS<\/strong>: <br><a rel=\"noreferrer noopener\" aria-label=\"https:\/\/apps.apple.com\/de\/app\/cisco-webex-meetings\/id298844386 (\u00f6ffnet in neuem Tab)\" href=\"https:\/\/apps.apple.com\/de\/app\/cisco-webex-meetings\/id298844386\" target=\"_blank\">https:\/\/apps.apple.com\/de\/app\/cisco-webex-meetings\/id298844386<\/a><\/li><li>Zutritt nach Installation und Programmstart: <br>\u00fcber die <strong>Meeting-Kennnummer<\/strong> <strong>163 462 0857<\/strong> beitreten<\/li><li>Beim Betreten des Raumes geben Sie Ihren Namen ein. Wenn Sie Ihre  E-Mail-Adresse nicht angeben wollen, geben sie &#8222;anonym@bdb-bay.de&#8220; an. <\/li><\/ul>\n\n\n\n<h4 class=\"wp-block-heading\"><span class=\"ez-toc-section\" id=\"Alternative_C_Software-Installation_WindowsmacOS\"><\/span>Alternative C: Software-Installation Windows\/macOS<span class=\"ez-toc-section-end\"><\/span><\/h4>\n\n\n\n<p>Teilnahme \u00fcber die Software &#8222;Cisco Webex Meetings&#8220; als Teilnehmer <\/p>\n\n\n\n<ul class=\"wp-block-list\"><li>Download f\u00fcr <strong>Windows und macOS<\/strong>: <a rel=\"noreferrer noopener\" aria-label=\"https:\/\/www.webex.com\/de\/downloads.html (\u00f6ffnet in neuem Tab)\" href=\"https:\/\/www.webex.com\/de\/downloads.html\" target=\"_blank\">https:\/\/www.webex.com\/de\/downloads.html<\/a> <br>&#8211; Eintritt &#8222;Als als Gast verwenden&#8220;<br>&#8211; \u00dcber das Stiftsymbol (1) den Namen anpassen<br>&#8211; Meetingnummer eingeben und (2) &#8222;Beitreten&#8220;:<br><br><code><img loading=\"lazy\" decoding=\"async\" width=\"320\" height=\"271\" class=\"wp-image-453\" style=\"width: 320px;\" src=\"https:\/\/felixbehl.de\/wp-content\/uploads\/2020\/05\/2020-05-07-11_09_29-Cisco-Webex-Meetings.png\" alt=\"\" srcset=\"https:\/\/felixbehl.de\/wp-content\/uploads\/2020\/05\/2020-05-07-11_09_29-Cisco-Webex-Meetings.png 439w, https:\/\/felixbehl.de\/wp-content\/uploads\/2020\/05\/2020-05-07-11_09_29-Cisco-Webex-Meetings-300x254.png 300w\" sizes=\"auto, (max-width: 320px) 100vw, 320px\" \/><\/code><img loading=\"lazy\" decoding=\"async\" width=\"300\" height=\"218\" class=\"wp-image-665\" style=\"width: 300px;\" src=\"https:\/\/felixbehl.de\/wp-content\/uploads\/2020\/10\/2020-10-18-20_32_02-Cisco-Webex-Meetings.png\" alt=\"\" srcset=\"https:\/\/felixbehl.de\/wp-content\/uploads\/2020\/10\/2020-10-18-20_32_02-Cisco-Webex-Meetings.png 450w, https:\/\/felixbehl.de\/wp-content\/uploads\/2020\/10\/2020-10-18-20_32_02-Cisco-Webex-Meetings-300x218.png 300w\" sizes=\"auto, (max-width: 300px) 100vw, 300px\" \/><\/li><\/ul>\n\n\n\n<ul class=\"wp-block-list\"><li>Vor dem Betreten des Raumes geben Sie Ihren Namen ein (1). Wenn Sie Ihre E-Mail-Adresse nicht angeben wollen, geben sie \u201eanonym@bdb-bay.de\u201c an.<\/li><li>Zutritt nach Installation und Programmstart \u00fcber (2) die <br><strong>Meeting-Kennnummer<\/strong> <strong>163 462 0857<\/strong><\/li><\/ul>\n\n\n\n<h4 class=\"wp-block-heading\"><span class=\"ez-toc-section\" id=\"Alternative_D_Telefoneinwahl\"><\/span>Alternative D: Telefoneinwahl<span class=\"ez-toc-section-end\"><\/span><\/h4>\n\n\n\n<p>Falls die Teilnahme \u00fcber Internetbrowser oder App bzw. Software nicht m\u00f6glich ist, w\u00e4re die Telefoneinwahl (ohne Bild, nur Ton\u00fcbertragung) eine weitere Alternative. Die entsprechenden Daten [Telefonnummer Festnetz (1) und Zugriffscode (2)] bekommen Sie auf pers\u00f6nliche Anfrage, vorzugsweise per E-Mail:<\/p>\n\n\n\n<figure class=\"wp-block-image size-large\"><img loading=\"lazy\" decoding=\"async\" width=\"505\" height=\"498\" src=\"https:\/\/felixbehl.de\/wp-content\/uploads\/2020\/10\/2020-10-18-20_52_59-Cisco-Webex-Meetings-Telefoneinwahl.png\" alt=\"\" class=\"wp-image-672\" srcset=\"https:\/\/felixbehl.de\/wp-content\/uploads\/2020\/10\/2020-10-18-20_52_59-Cisco-Webex-Meetings-Telefoneinwahl.png 505w, https:\/\/felixbehl.de\/wp-content\/uploads\/2020\/10\/2020-10-18-20_52_59-Cisco-Webex-Meetings-Telefoneinwahl-300x296.png 300w\" sizes=\"auto, (max-width: 505px) 100vw, 505px\" \/><\/figure>\n\n\n\n<p class=\"has-bright-blue-background-color has-background\">Bei technischen <strong>St\u00f6rungen<\/strong>&nbsp;der eSession&nbsp;bleiben Sie bitte am PC und rufen parallel zur eSession im Internetbrowser die Seite <a rel=\"noreferrer noopener\" href=\"https:\/\/yopad.eu\/p\/BdB-Behl\" target=\"_blank\"><strong>https:\/\/yopad.eu\/p\/BdB-Behl<\/strong><\/a> auf. Dort k\u00f6nnen wir bei Bedarf aktuelle Informationen zu Erreichbarkeit oder St\u00f6rung hinterlegen.<\/p>\n\n\n\n<h4 class=\"wp-block-heading\"><span class=\"ez-toc-section\" id=\"Weitere_Hilfen\"><\/span>Weitere Hilfen<span class=\"ez-toc-section-end\"><\/span><\/h4>\n\n\n\n<p>Offizielle Hilfestellungen der Telekom:<\/p>\n\n\n\n<ul class=\"wp-block-list\"><li>Link <strong>Leitfaden f\u00fcr Sch\u00fcler<\/strong><\/li><li><a rel=\"noreferrer noopener\" href=\"https:\/\/konferenzen.telekom.de\/fileadmin\/Redaktion\/conference\/pdf\/Cisco_WebEx\/Webex_fuer_Schulen_Leitfaden_Schueler.pdf\" target=\"_blank\">https:\/\/konferenzen.telekom.de\/fileadmin\/Redaktion\/conference\/pdf\/Cisco_WebEx\/Webex_fuer_Schulen_Leitfaden_Schueler.pdf<\/a><\/li><li>Link <strong>Leitfaden f\u00fcr Lehrer<\/strong><\/li><li><a rel=\"noreferrer noopener\" href=\"https:\/\/konferenzen.telekom.de\/fileadmin\/Redaktion\/conference\/pdf\/Cisco_WebEx\/Webex_fuer_Schulen_Leitfaden_Lehrer.pdf\" target=\"_blank\">https:\/\/konferenzen.telekom.de\/fileadmin\/Redaktion\/conference\/pdf\/Cisco_WebEx\/Webex_fuer_Schulen_Leitfaden_Lehrer.pdf<\/a><\/li><li>Link <strong>ausf\u00fchrliche Anleitung f\u00fcr Lehrer<\/strong>:<\/li><li><a rel=\"noreferrer noopener\" href=\"https:\/\/konferenzen.telekom.de\/fileadmin\/Redaktion\/conference\/pdf\/Cisco_WebEx\/Leitfaden-Webex-Meetings-fuer-Lehrer.pdf\" target=\"_blank\">https:\/\/konferenzen.telekom.de\/fileadmin\/Redaktion\/conference\/pdf\/Cisco_WebEx\/Leitfaden-Webex-Meetings-fuer-Lehrer.pdf<\/a><\/li><li>Link <strong>Leitfaden gesamt (Administratoren \u2013 Lehrer \u2013 Sch\u00fcler)<\/strong><\/li><li><a rel=\"noreferrer noopener\" href=\"https:\/\/konferenzen.telekom.de\/fileadmin\/Redaktion\/conference\/pdf\/Cisco_WebEx\/Webex_fuer_Schulen_Leitfaden_gesamt.pdf\" target=\"_blank\">https:\/\/konferenzen.telekom.de\/fileadmin\/Redaktion\/conference\/pdf\/Cisco_WebEx\/Webex_fuer_Schulen_Leitfaden_gesamt.pdf<\/a><\/li><li>Link <strong>Einrichtung und Nutzeranlage Telekom<\/strong>:<\/li><li><a rel=\"noreferrer noopener\" href=\"https:\/\/konferenzen.telekom.de\/fileadmin\/Redaktion\/conference\/pdf\/Cisco_WebEx\/2018_Erste_Schritte_Anleitung_Cisco_Webex_Control_Hub.pdf\" target=\"_blank\">https:\/\/konferenzen.telekom.de\/fileadmin\/Redaktion\/conference\/pdf\/Cisco_WebEx\/2018_Erste_Schritte_Anleitung_Cisco_Webex_Control_Hub.pdf<\/a><\/li><li>Link zum <strong>AV-Vertrag gem\u00e4\u00df DSGVO<\/strong><\/li><li><a rel=\"noreferrer noopener\" href=\"https:\/\/konferenzen.telekom.de\/fileadmin\/Redaktion\/conference\/pdf\/Anlage_2_Cisco_Webex_Auftragsverabeitungsvertrag__AVV_.pdf\" target=\"_blank\">https:\/\/konferenzen.telekom.de\/fileadmin\/Redaktion\/conference\/pdf\/Anlage_2_Cisco_Webex_Auftragsverabeitungsvertrag__AVV_.pdf<\/a><\/li><\/ul>\n\n\n\n<p><\/p>\n","protected":false},"excerpt":{"rendered":"<p>Einwahldaten (ausf\u00fchrliche Erkl\u00e4rungen weiter unten):https:\/\/schulen-stadtab.webex.com\/meet\/behlMeeting-ID 163 462 0857 F\u00fcr Online-Seminartage der Lehramtsanw\u00e4rter oder anderen Online-Besprechungen mit Herrn Behl gehen Sie bitte folgenderma\u00dfen vor: Variante A: Nutzung im Internetbrowser Teilnahme \u00fcber den Internetbrowser (Windows\/Mac) als Teilnehmer Link: https:\/\/schulen-stadtab.webex.com\/meet\/behl Zutritt \u00fcber den Link unten in Ihrem Internetbrowser &#8222;Treten Sie \u00fcber Ihren Browser bei&#8222;. Beim Betreten des Raumes &hellip; <a href=\"https:\/\/felixbehl.de\/?page_id=460\" class=\"more-link\"><span class=\"screen-reader-text\">Online-Seminare und Online-Besprechungen<\/span> weiterlesen<\/a><\/p>\n","protected":false},"author":1,"featured_media":0,"parent":0,"menu_order":0,"comment_status":"closed","ping_status":"closed","template":"","meta":{"footnotes":""},"class_list":["post-460","page","type-page","status-publish","hentry"],"_links":{"self":[{"href":"https:\/\/felixbehl.de\/index.php?rest_route=\/wp\/v2\/pages\/460","targetHints":{"allow":["GET"]}}],"collection":[{"href":"https:\/\/felixbehl.de\/index.php?rest_route=\/wp\/v2\/pages"}],"about":[{"href":"https:\/\/felixbehl.de\/index.php?rest_route=\/wp\/v2\/types\/page"}],"author":[{"embeddable":true,"href":"https:\/\/felixbehl.de\/index.php?rest_route=\/wp\/v2\/users\/1"}],"replies":[{"embeddable":true,"href":"https:\/\/felixbehl.de\/index.php?rest_route=%2Fwp%2Fv2%2Fcomments&post=460"}],"version-history":[{"count":12,"href":"https:\/\/felixbehl.de\/index.php?rest_route=\/wp\/v2\/pages\/460\/revisions"}],"predecessor-version":[{"id":699,"href":"https:\/\/felixbehl.de\/index.php?rest_route=\/wp\/v2\/pages\/460\/revisions\/699"}],"wp:attachment":[{"href":"https:\/\/felixbehl.de\/index.php?rest_route=%2Fwp%2Fv2%2Fmedia&parent=460"}],"curies":[{"name":"wp","href":"https:\/\/api.w.org\/{rel}","templated":true}]}}