{"id":373,"date":"2020-04-24T14:30:29","date_gmt":"2020-04-24T12:30:29","guid":{"rendered":"http:\/\/felixbehl.de\/?page_id=373"},"modified":"2020-12-17T13:22:09","modified_gmt":"2020-12-17T12:22:09","slug":"tipps-und-hilfen-waehrend-schulschliessungen","status":"publish","type":"page","link":"https:\/\/felixbehl.de\/?page_id=373","title":{"rendered":"Tipps und Hilfen f\u00fcr P\u00e4dagogen"},"content":{"rendered":"\n<div id=\"ez-toc-container\" class=\"ez-toc-v2_0_82_2 counter-hierarchy ez-toc-counter ez-toc-grey ez-toc-container-direction\">\n<label for=\"ez-toc-cssicon-toggle-item-69e3411787d6e\" class=\"ez-toc-cssicon-toggle-label\"><span class=\"\"><span class=\"eztoc-hide\" style=\"display:none;\">Toggle<\/span><span class=\"ez-toc-icon-toggle-span\"><svg style=\"fill: #999;color:#999\" xmlns=\"http:\/\/www.w3.org\/2000\/svg\" class=\"list-377408\" width=\"20px\" height=\"20px\" viewBox=\"0 0 24 24\" fill=\"none\"><path d=\"M6 6H4v2h2V6zm14 0H8v2h12V6zM4 11h2v2H4v-2zm16 0H8v2h12v-2zM4 16h2v2H4v-2zm16 0H8v2h12v-2z\" fill=\"currentColor\"><\/path><\/svg><svg style=\"fill: #999;color:#999\" class=\"arrow-unsorted-368013\" xmlns=\"http:\/\/www.w3.org\/2000\/svg\" width=\"10px\" height=\"10px\" viewBox=\"0 0 24 24\" version=\"1.2\" baseProfile=\"tiny\"><path d=\"M18.2 9.3l-6.2-6.3-6.2 6.3c-.2.2-.3.4-.3.7s.1.5.3.7c.2.2.4.3.7.3h11c.3 0 .5-.1.7-.3.2-.2.3-.5.3-.7s-.1-.5-.3-.7zM5.8 14.7l6.2 6.3 6.2-6.3c.2-.2.3-.5.3-.7s-.1-.5-.3-.7c-.2-.2-.4-.3-.7-.3h-11c-.3 0-.5.1-.7.3-.2.2-.3.5-.3.7s.1.5.3.7z\"\/><\/svg><\/span><\/span><\/label><input type=\"checkbox\"  id=\"ez-toc-cssicon-toggle-item-69e3411787d6e\"  aria-label=\"Toggle\" \/><nav><ul class='ez-toc-list ez-toc-list-level-1 ' ><li class='ez-toc-page-1 ez-toc-heading-level-4'><a class=\"ez-toc-link ez-toc-heading-1\" href=\"https:\/\/felixbehl.de\/?page_id=373\/#Empfehlenswerte_Inhalte_fuer_Paedagogen_zu_Schulschliessungen\" >Empfehlenswerte Inhalte f\u00fcr P\u00e4dagogen zu Schulschlie\u00dfungen<\/a><\/li><li class='ez-toc-page-1 ez-toc-heading-level-4'><a class=\"ez-toc-link ez-toc-heading-2\" href=\"https:\/\/felixbehl.de\/?page_id=373\/#Aktuelle_Tipps\" >Aktuelle Tipps<\/a><\/li><li class='ez-toc-page-1 ez-toc-heading-level-4'><a class=\"ez-toc-link ez-toc-heading-3\" href=\"https:\/\/felixbehl.de\/?page_id=373\/#Beschilderung_fuer_die_Schule\" >Beschilderung f\u00fcr die Schule<\/a><\/li><\/ul><\/nav><\/div>\n<h4 class=\"wp-block-heading\"><span class=\"ez-toc-section\" id=\"Empfehlenswerte_Inhalte_fuer_Paedagogen_zu_Schulschliessungen\"><\/span>Empfehlenswerte Inhalte f\u00fcr P\u00e4dagogen zu Schulschlie\u00dfungen<span class=\"ez-toc-section-end\"><\/span><\/h4>\n\n\n\n<ul class=\"wp-block-list\"><li>Coronavirus aktuell: <a rel=\"noreferrer noopener\" href=\"https:\/\/www.km.bayern.de\/allgemein\/meldung\/6945\/faq-zum-unterrichtsbetrieb-an-bayerns-schulen.html\" target=\"_blank\"><strong>FAQ zum Unterrichtsbetrieb an Bayerns Schulen<\/strong><\/a> und <strong> <\/strong>zur Notbetreuung von Schulkindern.<\/li><li>Informationen des Sozialministeriums zur <strong><a rel=\"noreferrer noopener\" href=\"https:\/\/www.stmas.bayern.de\/coronavirus-info\/faq-coronavirus-betreuung.php\" target=\"_blank\">Notbetreuung von Kindern in Kindertageseinrichtungen<\/a><\/strong>. <\/li><li>Das <strong>Institut f\u00fcr Medienp\u00e4dagogik<\/strong> (JFF) ver\u00f6ffentlicht weitere <a rel=\"noreferrer noopener\" href=\"https:\/\/www.jff.de\/meldungen\/details\/medien-im-ausnahmezustand\" target=\"_blank\"><strong>Tipps zu P\u00e4dagogik und Tools f\u00fcr Sch\u00fcler*innen und Familien<\/strong><\/a>.<\/li><li>Informationen vom <strong><a rel=\"noreferrer noopener\" href=\"http:\/\/www.kibbs.de\" target=\"_blank\">Kriseninterventions- und -bew\u00e4ltigungsteam<\/a><\/strong> bayerischer Schulpsychologinnen und Schulpsychologen (KIBBS) unter <a rel=\"noreferrer noopener\" href=\"http:\/\/www.kibbs.de\" target=\"_blank\">www.kibbs.de<\/a><\/li><\/ul>\n\n\n\n<h4 class=\"wp-block-heading\"><span class=\"ez-toc-section\" id=\"Aktuelle_Tipps\"><\/span>Aktuelle Tipps<span class=\"ez-toc-section-end\"><\/span><\/h4>\n\n\n\n<ul class=\"wp-block-list\"><li>Auf dem Bildungsserver Berlin-Brandenburg  gibt es viele Infos zur<a rel=\"noreferrer noopener\" href=\"https:\/\/bildungsserver.berlin-brandenburg.de\/online-lernen-didaktik\" target=\"_blank\"> Didaktik des Online- und Hybrid-Unterrichts<\/a>, insbesondere &#8222;<strong>Digitales Lernen und Onlineunterricht \u2013 der <a href=\"https:\/\/bildungsserver.berlin-brandenburg.de\/fileadmin\/bbb\/themen\/Medienbildung\/Unterricht\/Unterrichtsmaterialien\/Digitales_Lernen_und_Onlineunterricht.pdf\" target=\"_blank\" rel=\"noreferrer noopener\">\u00dcberblick f\u00fcr Eilige<\/a><\/strong>&#8222;<\/li><li>Hintergrundwissen und <a rel=\"noreferrer noopener\" href=\"https:\/\/www.mebis.bayern.de\/infoportal\/empfehlung\/lerntheoretische-grundlagen-multimedialer-lernszenarien\/\" target=\"_blank\"><strong>lerntheoretische Grundlagen multimedialer Lernszenarien werden im mebis-Infoportal anschaulich erkl\u00e4rt<\/strong><\/a>. Der Beitrag stellt wesentliche lehr-lerntheoretische Theorien der Kognitionspsychologie dar, die ma\u00dfgeblich f\u00fcr die lernf\u00f6rderliche Gestaltung von Online-Lernangeboten sind. Aus diesen Theorien lassen sich konkrete Gestaltungsprinzipien ableiten, die ebenfalls kurz vorgestellt werden.<\/li><li>Tipps zum <a rel=\"noreferrer noopener\" href=\"https:\/\/www.klicksafe.de\/themen\/problematische-inhalte\/verschwoerungstheorien\/\" target=\"_blank\"><strong>Umgang mit Fake-News und Verschw\u00f6rungsmythen<\/strong><\/a> bei Klicksafe.<\/li><li><strong><a rel=\"noreferrer noopener\" href=\"https:\/\/www.polizei-beratung.de\/medienangebot\/detail\/299-schule-fragt.-polizei-antwortet.\/\" target=\"_blank\">Schule fragt. Polizei antwortet. Eine Handreichung der Polizeiberatung<\/a><\/strong> f\u00fcr Lehrerinnen und Lehrer. (Sexting, Horror-Kettenbriefe, Hassbotschaften im Netz \u2013 die Handreichung &#8222;Schule fragt. Polizei antwortet.&#8220; beantwortet die wichtigsten Fragen rund um die Nutzung von Smartphone und Co. im schulischen Kontext. In Form von FAQ (h\u00e4ufig gestellte Fragen) wird \u00fcber aktuelle Problemstellungen und m\u00f6gliche Straftaten informiert\u2026)<\/li><li><strong><a rel=\"noreferrer noopener\" href=\"https:\/\/mundo.schule\/\" target=\"_blank\">Mundo, die offene Bildungsmediathek<\/a> der L\u00e4nder<\/strong>.<\/li><li>Mebis-Infoportal Beitrag: <a rel=\"noreferrer noopener\" href=\"https:\/\/www.mebis.bayern.de\/infoportal\/service\/datenschutz\/recht\/apps-im-unterricht\/\" target=\"_blank\"><strong>Online-Angebote rechtssicher in der Schule nutzen<\/strong><\/a>.<\/li><li><a rel=\"noreferrer noopener\" href=\"https:\/\/monitor.mebis.alp.dillingen.de\/\" target=\"_blank\"><strong>Mebis-Status<\/strong><\/a>: Wie schnell ist die Lernplattform im Augenblick?<\/li><\/ul>\n\n\n\n<h4 class=\"wp-block-heading\"><span class=\"ez-toc-section\" id=\"Beschilderung_fuer_die_Schule\"><\/span>Beschilderung f\u00fcr die Schule<span class=\"ez-toc-section-end\"><\/span><\/h4>\n\n\n\n<ul class=\"wp-block-list\"><li>Beschilderungsmaterialien und viele weitere Infografiken f\u00fcr die Schule w\u00e4hrend der Corona-Pandemie gibt es unter <a rel=\"noreferrer noopener\" href=\"https:\/\/sketchnotegame.wordpress.com\" target=\"_blank\">https:\/\/sketchnotegame.wordpress.com<\/a>. Besonders wertzusch\u00e4tzen ist, dass die Grafiken unter einer freien Creative-Commons-Lizenz angeboten werden (<a rel=\"noreferrer noopener\" href=\"https:\/\/creativecommons.org\/licenses\/by\/4.0\/deed.de\" target=\"_blank\">CC BY 4.0<\/a>) &#8211; bitte im Einzelfall die Lizenzehinweise auf der Grafik selbst beachten.<\/li><li>Viele Vorlagen zu Schulbeschilderungen, Kinderhomeoffice und Videokonferenzen gibt es auch unter <a href=\"https:\/\/materialwiese.de\/category\/classroom-management\" target=\"_blank\" rel=\"noreferrer noopener\">https:\/\/materialwiese.de\/category\/classroom-management<\/a> &#8211; bitte die dortigen Lizenzbedingungen beachten.<\/li><\/ul>\n\n\n\n<p><\/p>\n","protected":false},"excerpt":{"rendered":"<p>Empfehlenswerte Inhalte f\u00fcr P\u00e4dagogen zu Schulschlie\u00dfungen Coronavirus aktuell: FAQ zum Unterrichtsbetrieb an Bayerns Schulen und zur Notbetreuung von Schulkindern. Informationen des Sozialministeriums zur Notbetreuung von Kindern in Kindertageseinrichtungen. Das Institut f\u00fcr Medienp\u00e4dagogik (JFF) ver\u00f6ffentlicht weitere Tipps zu P\u00e4dagogik und Tools f\u00fcr Sch\u00fcler*innen und Familien. Informationen vom Kriseninterventions- und -bew\u00e4ltigungsteam bayerischer Schulpsychologinnen und Schulpsychologen (KIBBS) unter &hellip; <a href=\"https:\/\/felixbehl.de\/?page_id=373\" class=\"more-link\"><span class=\"screen-reader-text\">Tipps und Hilfen f\u00fcr P\u00e4dagogen<\/span> weiterlesen<\/a><\/p>\n","protected":false},"author":1,"featured_media":0,"parent":0,"menu_order":0,"comment_status":"closed","ping_status":"closed","template":"","meta":{"footnotes":""},"class_list":["post-373","page","type-page","status-publish","hentry"],"_links":{"self":[{"href":"https:\/\/felixbehl.de\/index.php?rest_route=\/wp\/v2\/pages\/373","targetHints":{"allow":["GET"]}}],"collection":[{"href":"https:\/\/felixbehl.de\/index.php?rest_route=\/wp\/v2\/pages"}],"about":[{"href":"https:\/\/felixbehl.de\/index.php?rest_route=\/wp\/v2\/types\/page"}],"author":[{"embeddable":true,"href":"https:\/\/felixbehl.de\/index.php?rest_route=\/wp\/v2\/users\/1"}],"replies":[{"embeddable":true,"href":"https:\/\/felixbehl.de\/index.php?rest_route=%2Fwp%2Fv2%2Fcomments&post=373"}],"version-history":[{"count":31,"href":"https:\/\/felixbehl.de\/index.php?rest_route=\/wp\/v2\/pages\/373\/revisions"}],"predecessor-version":[{"id":772,"href":"https:\/\/felixbehl.de\/index.php?rest_route=\/wp\/v2\/pages\/373\/revisions\/772"}],"wp:attachment":[{"href":"https:\/\/felixbehl.de\/index.php?rest_route=%2Fwp%2Fv2%2Fmedia&parent=373"}],"curies":[{"name":"wp","href":"https:\/\/api.w.org\/{rel}","templated":true}]}}