{"id":325,"date":"2020-04-14T08:44:37","date_gmt":"2020-04-14T06:44:37","guid":{"rendered":"http:\/\/felixbehl.de\/?page_id=325"},"modified":"2020-05-04T14:25:41","modified_gmt":"2020-05-04T12:25:41","slug":"online-lernen-bildungskanaele","status":"publish","type":"page","link":"https:\/\/felixbehl.de\/?page_id=325","title":{"rendered":"Online lernen &#8211; Bildungskan\u00e4le"},"content":{"rendered":"\n<div id=\"ez-toc-container\" class=\"ez-toc-v2_0_82_2 counter-hierarchy ez-toc-counter ez-toc-grey ez-toc-container-direction\">\n<label for=\"ez-toc-cssicon-toggle-item-69e09e58c5072\" class=\"ez-toc-cssicon-toggle-label\"><span class=\"\"><span class=\"eztoc-hide\" style=\"display:none;\">Toggle<\/span><span class=\"ez-toc-icon-toggle-span\"><svg style=\"fill: #999;color:#999\" xmlns=\"http:\/\/www.w3.org\/2000\/svg\" class=\"list-377408\" width=\"20px\" height=\"20px\" viewBox=\"0 0 24 24\" fill=\"none\"><path d=\"M6 6H4v2h2V6zm14 0H8v2h12V6zM4 11h2v2H4v-2zm16 0H8v2h12v-2zM4 16h2v2H4v-2zm16 0H8v2h12v-2z\" fill=\"currentColor\"><\/path><\/svg><svg style=\"fill: #999;color:#999\" class=\"arrow-unsorted-368013\" xmlns=\"http:\/\/www.w3.org\/2000\/svg\" width=\"10px\" height=\"10px\" viewBox=\"0 0 24 24\" version=\"1.2\" baseProfile=\"tiny\"><path d=\"M18.2 9.3l-6.2-6.3-6.2 6.3c-.2.2-.3.4-.3.7s.1.5.3.7c.2.2.4.3.7.3h11c.3 0 .5-.1.7-.3.2-.2.3-.5.3-.7s-.1-.5-.3-.7zM5.8 14.7l6.2 6.3 6.2-6.3c.2-.2.3-.5.3-.7s-.1-.5-.3-.7c-.2-.2-.4-.3-.7-.3h-11c-.3 0-.5.1-.7.3-.2.2-.3.5-.3.7s.1.5.3.7z\"\/><\/svg><\/span><\/span><\/label><input type=\"checkbox\"  id=\"ez-toc-cssicon-toggle-item-69e09e58c5072\"  aria-label=\"Toggle\" \/><nav><ul class='ez-toc-list ez-toc-list-level-1 ' ><li class='ez-toc-page-1 ez-toc-heading-level-4'><a class=\"ez-toc-link ez-toc-heading-1\" href=\"https:\/\/felixbehl.de\/?page_id=325\/#Schule_daheim_%E2%80%93_Online_lernen_BR\" >Schule daheim &#8211; Online lernen (BR)<\/a><\/li><li class='ez-toc-page-1 ez-toc-heading-level-4'><a class=\"ez-toc-link ez-toc-heading-2\" href=\"https:\/\/felixbehl.de\/?page_id=325\/#Bildungskanal_alpha_ARD\" >Bildungskanal alpha (ARD)<\/a><\/li><li class='ez-toc-page-1 ez-toc-heading-level-4'><a class=\"ez-toc-link ez-toc-heading-3\" href=\"https:\/\/felixbehl.de\/?page_id=325\/#Virtuelles_Klassenzimmer_ZDF\" >Virtuelles Klassenzimmer (ZDF)<\/a><\/li><li class='ez-toc-page-1 ez-toc-heading-level-4'><a class=\"ez-toc-link ez-toc-heading-4\" href=\"https:\/\/felixbehl.de\/?page_id=325\/#Weitere_Angebote_des_oeffentlich-rechtlichen_Rundfunks\" >Weitere Angebote des \u00f6ffentlich-rechtlichen Rundfunks<\/a><\/li><li class='ez-toc-page-1 ez-toc-heading-level-4'><a class=\"ez-toc-link ez-toc-heading-5\" href=\"https:\/\/felixbehl.de\/?page_id=325\/#Nachrichten_fuer_Kinder\" >Nachrichten f\u00fcr Kinder<\/a><\/li><li class='ez-toc-page-1 ez-toc-heading-level-4'><a class=\"ez-toc-link ez-toc-heading-6\" href=\"https:\/\/felixbehl.de\/?page_id=325\/#Nachrichten_in_leichter_Sprache\" >Nachrichten in leichter Sprache<\/a><\/li><li class='ez-toc-page-1 ez-toc-heading-level-4'><a class=\"ez-toc-link ez-toc-heading-7\" href=\"https:\/\/felixbehl.de\/?page_id=325\/#Programmieren_lernen_Mit_der_Maus\" >Programmieren lernen: Mit der Maus<\/a><\/li><li class='ez-toc-page-1 ez-toc-heading-level-4'><a class=\"ez-toc-link ez-toc-heading-8\" href=\"https:\/\/felixbehl.de\/?page_id=325\/#Fakten_pruefen_im_Netz_ZLB\" >Fakten pr\u00fcfen im Netz: ZLB<\/a><\/li><li class='ez-toc-page-1 ez-toc-heading-level-4'><a class=\"ez-toc-link ez-toc-heading-9\" href=\"https:\/\/felixbehl.de\/?page_id=325\/#Ohrenspitzer-Projekt_hoeren_verstehen_gestalten\" >Ohrenspitzer-Projekt: h\u00f6ren, verstehen, gestalten<\/a><\/li><\/ul><\/nav><\/div>\n<h4 class=\"wp-block-heading\" id=\"schuledaheim\"><span class=\"ez-toc-section\" id=\"Schule_daheim_%E2%80%93_Online_lernen_BR\"><\/span>Schule daheim &#8211; Online lernen (BR)<span class=\"ez-toc-section-end\"><\/span><\/h4>\n\n\n\n<p>Bei Krankheit oder in besonderen Situationen, wie aktuell beim Coronavirus, bleibt Sch\u00fclerinnen der Schulbesuch verwehrt. Sie m\u00fcssen zuhause lernen. Die <a rel=\"noreferrer noopener\" aria-label=\"BR Mediathek bietet ein gro\u00dfes Video-Lernangebot (\u00f6ffnet in neuem Tab)\" href=\"https:\/\/www.br.de\/mediathek\/rubriken\/themenseite-schule-daheim-100\" target=\"_blank\">BR Mediathek bietet ein gro\u00dfes Video-Lernangebot<\/a> [<a href=\"https:\/\/www.br.de\/mediathek\/rubriken\/themenseite-schule-daheim-100\" target=\"_blank\" rel=\"noreferrer noopener\">Link<\/a>], mit dem Sch\u00fcler*innen f\u00fcr die wichtigsten F\u00e4cher, wie Deutsch, Englisch, Mathematik, Biologie oder Chemie online lernen k\u00f6nnen. Ganz einfach von zuhause. <\/p>\n\n\n\n<p>In der BR-Mediathek kann zudem zeitlich unabh\u00e4ngig auf Lerninhalte<br>zur\u00fcckgegriffen werden. So decken beispielsweise die Beitr\u00e4ge<br>von <a href=\"https:\/\/www.br.de\/alphalernen\/index.html\" target=\"_blank\" rel=\"noreferrer noopener\">alpha Lernen<\/a> [<a href=\"https:\/\/www.br.de\/alphalernen\/index.html\" target=\"_blank\" rel=\"noreferrer noopener\">Link<\/a>] ein breites Themenspektrum ab und sind<br>nach F\u00e4chern und Jahrgangsstufen sortiert.<\/p>\n\n\n\n<p>Die Lernvideos der Reihe <a href=\"https:\/\/www.br.de\/alphalernen\/faecher\/mathe\/index.html\" target=\"_blank\" rel=\"noreferrer noopener\">alpha Lernen Pr\u00fcfung<\/a> [<a href=\"https:\/\/www.br.de\/alphalernen\/faecher\/mathe\/index.html\" target=\"_blank\" rel=\"noreferrer noopener\">Link<\/a>] werden vom BR<br>in Kooperation mit dem Staatsministerium produziert und sind<br>insbesondere zur Vorbereitung auf die Abschlusspr\u00fcfungen der<br>Mittelschule (QA und MSA) hervorragend geeignet. Derzeit stehen<br>Beitr\u00e4ge f\u00fcr das Fach Mathematik zur Verf\u00fcgung. Entsprechende<br>Lernvideos f\u00fcr Englisch sind derzeit in Arbeit.<\/p>\n\n\n\n<h4 class=\"wp-block-heading\"><span class=\"ez-toc-section\" id=\"Bildungskanal_alpha_ARD\"><\/span>Bildungskanal alpha (ARD)<span class=\"ez-toc-section-end\"><\/span><\/h4>\n\n\n\n<p>Montags bis freitags zwischen 9.00 und 12.00 Uhr sendet der<br>Bildungskanal ARD-alpha ausgew\u00e4hlte Lernformate. Mindestens<br>einmal t\u00e4glich wird jede Altersstufe sowie jede F\u00e4chergruppe<br>(Sprachen, MINT und Geisteswissenschaften) ber\u00fccksichtigt. Eine<br>\u00dcbersicht \u00fcber das Programm finden Sie unter <a href=\"https:\/\/www.br.de\/fernsehen\/ard-alpha\/programmkalender\/ard-alpha100.html\" target=\"_blank\" rel=\"noreferrer noopener\">https:\/\/www.br.de\/fernsehen\/ard-alpha\/programmkalender\/ard-alpha100.html<\/a>.<\/p>\n\n\n\n<h4 class=\"wp-block-heading\"><span class=\"ez-toc-section\" id=\"Virtuelles_Klassenzimmer_ZDF\"><\/span>Virtuelles Klassenzimmer (ZDF)<span class=\"ez-toc-section-end\"><\/span><\/h4>\n\n\n\n<p>Kitas und Schulen sind geschlossen, Ihr habt trotzdem Lust auf mehr Wissen? Hier findet Ihr Videos zum Schlauerwerden f\u00fcr alle Altersklassen: <a href=\"https:\/\/www.zdf.de\/wissen\/schulersatzprogramm-100.html\" target=\"_blank\" rel=\"noreferrer noopener\">https:\/\/www.zdf.de\/wissen\/schulersatzprogramm-100.html<\/a><\/p>\n\n\n\n<h4 class=\"wp-block-heading\"><span class=\"ez-toc-section\" id=\"Weitere_Angebote_des_oeffentlich-rechtlichen_Rundfunks\"><\/span>Weitere Angebote des \u00f6ffentlich-rechtlichen Rundfunks<span class=\"ez-toc-section-end\"><\/span><\/h4>\n\n\n\n<ul class=\"wp-block-list\"><li><a rel=\"noreferrer noopener\" aria-label=\"Planet Schule (\u00f6ffnet in neuem Tab)\" href=\"https:\/\/www.planet-schule.de\/\" target=\"_blank\">Planet Schule<\/a> (SWR\/WDR), <\/li><li><a rel=\"noreferrer noopener\" aria-label=\"Schule digital (\u00f6ffnet in neuem Tab)\" href=\"https:\/\/www1.wdr.de\/schule\/digital\" target=\"_blank\">Schule digital<\/a> (WDR), <\/li><li>die <a rel=\"noreferrer noopener\" aria-label=\"t\u00e4gliche Sendung mit der Maus (\u00f6ffnet in neuem Tab)\" href=\"https:\/\/www.wdrmaus.de\/sendetermine.php5\" target=\"_blank\">t\u00e4gliche Sendung mit der Maus<\/a> (WDR),<\/li><li>eine Sammlung von ADR-weiten Lern-Angeboten unter <a rel=\"noreferrer noopener\" aria-label=\"https:\/\/www.daserste.de\/specials\/service\/schule-daheim-lernangebote-schueler-corona-krise100.html (\u00f6ffnet in neuem Tab)\" href=\"https:\/\/www.daserste.de\/specials\/service\/schule-daheim-lernangebote-schueler-corona-krise100.html\" target=\"_blank\">https:\/\/www.daserste.de\/specials\/service\/schule-daheim-lernangebote-schueler-corona-krise100.html<\/a><\/li><\/ul>\n\n\n\n<h4 class=\"wp-block-heading\"><span class=\"ez-toc-section\" id=\"Nachrichten_fuer_Kinder\"><\/span>Nachrichten f\u00fcr Kinder<span class=\"ez-toc-section-end\"><\/span><\/h4>\n\n\n\n<p>Empfehlenswerte und <a rel=\"noreferrer noopener\" href=\"https:\/\/www.zdf.de\/kinder\/logo\" target=\"_blank\"><strong>kindgerechte Nachrichten sind wie immer zu finden bei logo!<\/strong><\/a> Die t\u00e4gliche Nachrichtensendung informiert Kinder immer kompetent, dazu gibt es noch zahlreiche Erkl\u00e4rfilme als Videoklips sowie Meldungen in Textform. <\/p>\n\n\n\n<h4 class=\"wp-block-heading\"><span class=\"ez-toc-section\" id=\"Nachrichten_in_leichter_Sprache\"><\/span>Nachrichten in leichter Sprache<span class=\"ez-toc-section-end\"><\/span><\/h4>\n\n\n\n<p><strong><a href=\"https:\/\/www.nachrichtenleicht.de\/\" target=\"_blank\" rel=\"noreferrer noopener\">Nachrichten in leichter Sprache<\/a><\/strong> gibt es bei beim Deutschlandfunk unter https:\/\/www.nachrichtenleicht.de.<\/p>\n\n\n\n<h4 class=\"wp-block-heading\"><span class=\"ez-toc-section\" id=\"Programmieren_lernen_Mit_der_Maus\"><\/span>Programmieren lernen: Mit der Maus<span class=\"ez-toc-section-end\"><\/span><\/h4>\n\n\n\n<p>Warum die Zeit nicht zum Erlernen von Programmieren nutzen? Auch hier hilft die Maus unter <a rel=\"noreferrer noopener\" aria-label=\"https:\/\/programmieren.wdrmaus.de\/welcome (\u00f6ffnet in neuem Tab)\" href=\"https:\/\/programmieren.wdrmaus.de\/welcome\" target=\"_blank\">https:\/\/programmieren.wdrmaus.de\/welcome<\/a>.<\/p>\n\n\n\n<h4 class=\"wp-block-heading\"><span class=\"ez-toc-section\" id=\"Fakten_pruefen_im_Netz_ZLB\"><\/span>Fakten pr\u00fcfen im Netz: ZLB<span class=\"ez-toc-section-end\"><\/span><\/h4>\n\n\n\n<p>Die Zentral- und Landesbibliothek Berlin (ZLB) bezieht den digitalen Raum aktiv in ihre Arbeit ein und m\u00f6chte mit dem Tool unter <a href=\"https:\/\/faktencheck.zlb.de\" target=\"_blank\" rel=\"noreferrer noopener\">https:\/\/faktencheck.zlb.de<\/a> zum Pr\u00fcfen von &#8222;Fakten im Netz&#8220; anregen:<\/p>\n\n\n\n<p>&#8222;<em>Im Umgang mit digitalen Medien werden wir immer st\u00e4rker mit einer Vielzahl unterschiedlichster Informationen konfrontiert. Oftmals ist es schwer, diese Informationen f\u00fcr sich zu bewerten. &#8218;Fakten pr\u00fcfen im Netz&#8216; soll Menschen dabei helfen, Informationen im Netz besser einordnen und bewerten zu k\u00f6nnen. Die vier Tipps unterst\u00fctzen dabei, selbst einen Weg f\u00fcr sich zu finden, sie im jeweiligen Kontext zu verorten und entsprechend einsortieren zu k\u00f6nnen.<\/em>&#8222;<\/p>\n\n\n\n<h4 class=\"wp-block-heading\"><span class=\"ez-toc-section\" id=\"Ohrenspitzer-Projekt_hoeren_verstehen_gestalten\"><\/span>Ohrenspitzer-Projekt: h\u00f6ren, verstehen, gestalten<span class=\"ez-toc-section-end\"><\/span><\/h4>\n\n\n\n<p>Das Ohrenspitzer-Projekt bringt Kinder im Alter zwischen drei und 14 Jahren mit der Bedeutung des gekonnten Zuh\u00f6rens, interessanten H\u00f6rspielen und aktiver H\u00f6rspielgestaltung in Ber\u00fchrung. Zu finden unter <a rel=\"noreferrer noopener\" href=\"https:\/\/www.ohrenspitzer.de\" target=\"_blank\">https:\/\/www.ohrenspitzer.de<\/a>.<\/p>\n","protected":false},"excerpt":{"rendered":"<p>Schule daheim &#8211; Online lernen (BR) Bei Krankheit oder in besonderen Situationen, wie aktuell beim Coronavirus, bleibt Sch\u00fclerinnen der Schulbesuch verwehrt. Sie m\u00fcssen zuhause lernen. Die BR Mediathek bietet ein gro\u00dfes Video-Lernangebot [Link], mit dem Sch\u00fcler*innen f\u00fcr die wichtigsten F\u00e4cher, wie Deutsch, Englisch, Mathematik, Biologie oder Chemie online lernen k\u00f6nnen. Ganz einfach von zuhause. In &hellip; <a href=\"https:\/\/felixbehl.de\/?page_id=325\" class=\"more-link\"><span class=\"screen-reader-text\">Online lernen &#8211; Bildungskan\u00e4le<\/span> weiterlesen<\/a><\/p>\n","protected":false},"author":1,"featured_media":0,"parent":0,"menu_order":0,"comment_status":"closed","ping_status":"closed","template":"","meta":{"footnotes":""},"class_list":["post-325","page","type-page","status-publish","hentry"],"_links":{"self":[{"href":"https:\/\/felixbehl.de\/index.php?rest_route=\/wp\/v2\/pages\/325","targetHints":{"allow":["GET"]}}],"collection":[{"href":"https:\/\/felixbehl.de\/index.php?rest_route=\/wp\/v2\/pages"}],"about":[{"href":"https:\/\/felixbehl.de\/index.php?rest_route=\/wp\/v2\/types\/page"}],"author":[{"embeddable":true,"href":"https:\/\/felixbehl.de\/index.php?rest_route=\/wp\/v2\/users\/1"}],"replies":[{"embeddable":true,"href":"https:\/\/felixbehl.de\/index.php?rest_route=%2Fwp%2Fv2%2Fcomments&post=325"}],"version-history":[{"count":9,"href":"https:\/\/felixbehl.de\/index.php?rest_route=\/wp\/v2\/pages\/325\/revisions"}],"predecessor-version":[{"id":430,"href":"https:\/\/felixbehl.de\/index.php?rest_route=\/wp\/v2\/pages\/325\/revisions\/430"}],"wp:attachment":[{"href":"https:\/\/felixbehl.de\/index.php?rest_route=%2Fwp%2Fv2%2Fmedia&parent=325"}],"curies":[{"name":"wp","href":"https:\/\/api.w.org\/{rel}","templated":true}]}}