{"id":22,"date":"2018-05-15T15:11:35","date_gmt":"2018-05-15T13:11:35","guid":{"rendered":"http:\/\/mib.felixbehl.de\/?page_id=22"},"modified":"2020-11-24T15:04:33","modified_gmt":"2020-11-24T14:04:33","slug":"impressum","status":"publish","type":"page","link":"https:\/\/felixbehl.de\/?page_id=22","title":{"rendered":"Impressum"},"content":{"rendered":"<p><strong>Verantwortlicher i. S.d. \u00a7 10 Abs. 3 MDStV f\u00fcr die Homepages:<br \/>\n(www.)felixbehl.de und (www.)medienwart.de<br \/>\n<\/strong><\/p>\n<p>Felix Behl, Beratungsrektor<\/p>\n<p>medienp\u00e4d. Berater f\u00fcr digitale Bildung an den Staatl. Schul\u00e4mtern in Stadt und Landkreis Aschaffenburg sowie im Landkreis Miltenberg, Datenschutzbeauftragter f\u00fcr die Grund-, Mittel- und F\u00f6rderschulen im Landkreis Miltenberg, ASV-Multiplikator<\/p>\n<p>Kardinal D\u00f6pfner Volksschule<br \/>\nSchulstra\u00dfe 8<br \/>\n63868 Gro\u00dfwallstadt<\/p>\n<p>E-Mail: <a href=\"mailto:f.behl@bdb-bay.de\">f.behl@bdb-bay.de<\/a><\/p>\n<hr \/>\n<p><strong>Nutzungsbedingungen<\/strong><br \/>\nTexte, Bilder, Grafiken sowie die Gestaltung dieser Internetseiten unterliegen dem Urheberrecht. Sie d\u00fcrfen von Ihnen nur zum privaten und sonstigen eigenen Gebrauch im Rahmen des \u00a7 53 Urheberrechtsgesetz (UrhG) verwendet werden. Eine Vervielf\u00e4ltigung oder Verwendung dieser Seiten oder Teilen davon in anderen elektronischen oder gedruckten Publikationen und deren Ver\u00f6ffentlichung ist nur mit unserer Einwilligung gestattet. Weiterhin k\u00f6nnen Texte, Bilder, Grafiken und sonstige Dateien ganz oder teilweise dem Urheberrecht Dritter unterliegen. Auch \u00fcber das Bestehen m\u00f6glicher Rechte Dritter geben Ihnen die f\u00fcr den Inhalt Verantwortlichen n\u00e4here Ausk\u00fcnfte.<\/p>\n<p><strong>Haftungsausschluss<\/strong><br \/>\nAlle auf dieser Internetseite bereitgestellten Informationen haben wir nach bestem Wissen und Gewissen erarbeitet und gepr\u00fcft. Eine Gew\u00e4hr f\u00fcr die jederzeitige Aktualit\u00e4t, Richtigkeit, Vollst\u00e4ndigkeit und Verf\u00fcgbarkeit der bereit gestellten Informationen k\u00f6nnen wir allerdings nicht \u00fcbernehmen. Wir haften nicht f\u00fcr Sch\u00e4den, die durch die Nutzung dieses Internetangebots entstehen. F\u00fcr etwaige Sch\u00e4den, die beim Aufrufen oder Herunterladen von Daten durch Schadsoftware oder der<br \/>\nInstallation oder Nutzung von Software verursacht werden, wird nicht gehaftet.<\/p>\n<p><strong>Links<\/strong><br \/>\nVon unseren eigenen Inhalten sind Querverweise (\u201eLinks\u201c) auf die Webseiten anderer Anbieter zu unterscheiden. Durch diese Links erm\u00f6glichen wir lediglich den Zugang zur Nutzung fremder Inhalte nach \u00a7 8 Telemediengesetz. Bei der erstmaligen Verkn\u00fcpfung mit diesen Internetangeboten haben wir diese fremden Inhalte daraufhin \u00fcberpr\u00fcft, ob durch sie eine m\u00f6gliche zivilrechtliche oder strafrechtliche Verantwortlichkeit ausgel\u00f6st wird. Wir k\u00f6nnen diese fremden Inhalte aber nicht st\u00e4ndig auf Ver\u00e4nderungen \u00fcberpr\u00fcfen und daher auch keine Verantwortung daf\u00fcr \u00fcbernehmen. F\u00fcr illegale, fehlerhafte oder unvollst\u00e4ndige Inhalte und insbesondere f\u00fcr Sch\u00e4den, die aus der Nutzung oder Nichtnutzung von Informationen Dritter entstehen, haftet allein der jeweilige Anbieter der Seite.<\/p>\n","protected":false},"excerpt":{"rendered":"<p>Verantwortlicher i. S.d. \u00a7 10 Abs. 3 MDStV f\u00fcr die Homepages: (www.)felixbehl.de und (www.)medienwart.de Felix Behl, Beratungsrektor medienp\u00e4d. Berater f\u00fcr digitale Bildung an den Staatl. Schul\u00e4mtern in Stadt und Landkreis Aschaffenburg sowie im Landkreis Miltenberg, Datenschutzbeauftragter f\u00fcr die Grund-, Mittel- und F\u00f6rderschulen im Landkreis Miltenberg, ASV-Multiplikator Kardinal D\u00f6pfner Volksschule Schulstra\u00dfe 8 63868 Gro\u00dfwallstadt E-Mail: f.behl@bdb-bay.de &hellip; <a href=\"https:\/\/felixbehl.de\/?page_id=22\" class=\"more-link\"><span class=\"screen-reader-text\">Impressum<\/span> weiterlesen<\/a><\/p>\n","protected":false},"author":1,"featured_media":0,"parent":0,"menu_order":0,"comment_status":"closed","ping_status":"closed","template":"","meta":{"footnotes":""},"class_list":["post-22","page","type-page","status-publish","hentry"],"_links":{"self":[{"href":"https:\/\/felixbehl.de\/index.php?rest_route=\/wp\/v2\/pages\/22","targetHints":{"allow":["GET"]}}],"collection":[{"href":"https:\/\/felixbehl.de\/index.php?rest_route=\/wp\/v2\/pages"}],"about":[{"href":"https:\/\/felixbehl.de\/index.php?rest_route=\/wp\/v2\/types\/page"}],"author":[{"embeddable":true,"href":"https:\/\/felixbehl.de\/index.php?rest_route=\/wp\/v2\/users\/1"}],"replies":[{"embeddable":true,"href":"https:\/\/felixbehl.de\/index.php?rest_route=%2Fwp%2Fv2%2Fcomments&post=22"}],"version-history":[{"count":8,"href":"https:\/\/felixbehl.de\/index.php?rest_route=\/wp\/v2\/pages\/22\/revisions"}],"predecessor-version":[{"id":750,"href":"https:\/\/felixbehl.de\/index.php?rest_route=\/wp\/v2\/pages\/22\/revisions\/750"}],"wp:attachment":[{"href":"https:\/\/felixbehl.de\/index.php?rest_route=%2Fwp%2Fv2%2Fmedia&parent=22"}],"curies":[{"name":"wp","href":"https:\/\/api.w.org\/{rel}","templated":true}]}}