{"id":126,"date":"2020-03-15T23:19:23","date_gmt":"2020-03-15T22:19:23","guid":{"rendered":"http:\/\/felixbehl.de\/?page_id=126"},"modified":"2023-06-15T23:05:32","modified_gmt":"2023-06-15T21:05:32","slug":"online-fortbildungen","status":"publish","type":"page","link":"https:\/\/felixbehl.de\/?page_id=126","title":{"rendered":"Fortbildungen (Online oder Pr\u00e4senz)"},"content":{"rendered":"\n<div id=\"ez-toc-container\" class=\"ez-toc-v2_0_82_2 counter-hierarchy ez-toc-counter ez-toc-grey ez-toc-container-direction\">\n<label for=\"ez-toc-cssicon-toggle-item-69e1b2985b5dd\" class=\"ez-toc-cssicon-toggle-label\"><span class=\"\"><span class=\"eztoc-hide\" style=\"display:none;\">Toggle<\/span><span class=\"ez-toc-icon-toggle-span\"><svg style=\"fill: #999;color:#999\" xmlns=\"http:\/\/www.w3.org\/2000\/svg\" class=\"list-377408\" width=\"20px\" height=\"20px\" viewBox=\"0 0 24 24\" fill=\"none\"><path d=\"M6 6H4v2h2V6zm14 0H8v2h12V6zM4 11h2v2H4v-2zm16 0H8v2h12v-2zM4 16h2v2H4v-2zm16 0H8v2h12v-2z\" fill=\"currentColor\"><\/path><\/svg><svg style=\"fill: #999;color:#999\" class=\"arrow-unsorted-368013\" xmlns=\"http:\/\/www.w3.org\/2000\/svg\" width=\"10px\" height=\"10px\" viewBox=\"0 0 24 24\" version=\"1.2\" baseProfile=\"tiny\"><path d=\"M18.2 9.3l-6.2-6.3-6.2 6.3c-.2.2-.3.4-.3.7s.1.5.3.7c.2.2.4.3.7.3h11c.3 0 .5-.1.7-.3.2-.2.3-.5.3-.7s-.1-.5-.3-.7zM5.8 14.7l6.2 6.3 6.2-6.3c.2-.2.3-.5.3-.7s-.1-.5-.3-.7c-.2-.2-.4-.3-.7-.3h-11c-.3 0-.5.1-.7.3-.2.2-.3.5-.3.7s.1.5.3.7z\"\/><\/svg><\/span><\/span><\/label><input type=\"checkbox\"  id=\"ez-toc-cssicon-toggle-item-69e1b2985b5dd\"  aria-label=\"Toggle\" \/><nav><ul class='ez-toc-list ez-toc-list-level-1 ' ><li class='ez-toc-page-1 ez-toc-heading-level-3'><a class=\"ez-toc-link ez-toc-heading-1\" href=\"https:\/\/felixbehl.de\/?page_id=126\/#Link_hierher\" >Link hierher<\/a><\/li><li class='ez-toc-page-1 ez-toc-heading-level-3'><a class=\"ez-toc-link ez-toc-heading-2\" href=\"https:\/\/felixbehl.de\/?page_id=126\/#Anmeldung\" >Anmeldung<\/a><\/li><li class='ez-toc-page-1 ez-toc-heading-level-3'><a class=\"ez-toc-link ez-toc-heading-3\" href=\"https:\/\/felixbehl.de\/?page_id=126\/#Aktuelle_Fortbildungstermine\" >Aktuelle Fortbildungstermine<\/a><\/li><li class='ez-toc-page-1 ez-toc-heading-level-3'><a class=\"ez-toc-link ez-toc-heading-4\" href=\"https:\/\/felixbehl.de\/?page_id=126\/#Archiv\" >Archiv<\/a><\/li><\/ul><\/nav><\/div>\n<h3 class=\"wp-block-heading\"><span class=\"ez-toc-section\" id=\"Link_hierher\"><\/span>Link hierher<span class=\"ez-toc-section-end\"><\/span><\/h3>\n\n\n\n<p><img loading=\"lazy\" decoding=\"async\" width=\"150\" height=\"150\" class=\"wp-image-1192\" style=\"width: 150px;\" src=\"https:\/\/felixbehl.de\/wp-content\/uploads\/2023\/06\/frame-3.png\" alt=\"\" srcset=\"https:\/\/felixbehl.de\/wp-content\/uploads\/2023\/06\/frame-3.png 300w, https:\/\/felixbehl.de\/wp-content\/uploads\/2023\/06\/frame-3-150x150.png 150w\" sizes=\"auto, (max-width: 150px) 100vw, 150px\" \/><strong> <a rel=\"noreferrer noopener\" href=\"https:\/\/fortbildung.felixbehl.de\" target=\"_blank\">https:\/\/fortbildung.felixbehl.de<\/a>  <\/strong><\/p>\n\n\n\n<h3 class=\"wp-block-heading\"><span class=\"ez-toc-section\" id=\"Anmeldung\"><\/span>Anmeldung<span class=\"ez-toc-section-end\"><\/span><\/h3>\n\n\n\n<p><strong>Anmeldung in fibs unter <a rel=\"noreferrer noopener\" href=\"https:\/\/fibs.alp.dillingen.de\" target=\"_blank\">https:\/\/fibs.alp.dillingen.de<\/a> mit dem Suchwort &#8222;Behl&#8220; <\/strong><br>Infos zu Fortbildungsterminen sind auch weiterhin immer unter <a rel=\"noreferrer noopener\" href=\"http:\/\/fortbildung.felixbehl.de\" target=\"_blank\">https:\/\/fortbildung.felixbehl.de<\/a> einsehbar.<\/p>\n\n\n\n<h3 class=\"wp-block-heading\" id=\"aktuelle-termine-fur-online-fortbildungen\"><span class=\"ez-toc-section\" id=\"Aktuelle_Fortbildungstermine\"><\/span><strong>Aktuelle Fortbildung<\/strong>stermine<span class=\"ez-toc-section-end\"><\/span><\/h3>\n\n\n\n<ul class=\"wp-block-list\">\n<li><strong>Di, 23.05.2023, 14:00 Uhr &#8211; 15:30 Uhr<strong> &#8211; Onlinefortbildung<\/strong>: Negative Lebenswirklichkeiten im Netz &#8211; und wie man damit umgehen kann <\/strong> (Kooperationsveranstaltung mit der ALP Dillingen: Anmeldung und Details in fibs unter <a rel=\"noreferrer noopener\" href=\"https:\/\/fibs.alp.dillingen.de?event_id=336771\" target=\"_blank\">https:\/\/fibs.alp.dillingen.de?event_id=336771<\/a>)<\/li>\n\n\n\n<li><strong>13.06.2023, 14:00 &#8211; 15:15 Uhr [aus dienstlichen Gr\u00fcnden auf den 18.09.2023 verschoben] <\/strong>&#8211; Nutzung einer didaktischen Tafelsoftware<strong> <\/strong>Openboard<\/li>\n\n\n\n<li><strong>Do, 15.06.2023, 14:00 Uhr &#8211; 15:15 Uhr<strong> &#8211; Onlinefortbildung<\/strong>: Modul 5 (Klassenchats, Internet-Surfschein, verbotene Inhalte) &#8211; Einf\u00fchrung in den medienp\u00e4dagogischen Monatskalender &#8211; Fortbildungsreihe mit mehreren Modulen<\/strong><br>(Kooperationsveranstaltung mit der ALP Dillingen: Anmeldung und Details in fibs zu Modul 5 unter <a rel=\"noreferrer noopener\" href=\"https:\/\/fibs.alp.dillingen.de?event_id=321595\" target=\"_blank\">https:\/\/fibs.alp.dillingen.de?event_id=321595<\/a>)<br><img loading=\"lazy\" decoding=\"async\" width=\"1024\" height=\"724\" class=\"wp-image-1085\" style=\"width: 1024px;\" src=\"https:\/\/felixbehl.de\/wp-content\/uploads\/2022\/09\/Medienpaedagogischer-Kalender_2022FBfinal2.jpeg\" alt=\"\" srcset=\"https:\/\/felixbehl.de\/wp-content\/uploads\/2022\/09\/Medienpaedagogischer-Kalender_2022FBfinal2.jpeg 1280w, https:\/\/felixbehl.de\/wp-content\/uploads\/2022\/09\/Medienpaedagogischer-Kalender_2022FBfinal2-300x212.jpeg 300w, https:\/\/felixbehl.de\/wp-content\/uploads\/2022\/09\/Medienpaedagogischer-Kalender_2022FBfinal2-1024x724.jpeg 1024w, https:\/\/felixbehl.de\/wp-content\/uploads\/2022\/09\/Medienpaedagogischer-Kalender_2022FBfinal2-768x543.jpeg 768w\" sizes=\"auto, (max-width: 1024px) 100vw, 1024px\" \/><\/li>\n\n\n\n<li><strong>Mo, 26.06.2023, 14:30 &#8211; 16:00 Uhr &#8211; Onlinefortbildung: Einf\u00fchrung KI und Schule &#8211; wie ver\u00e4ndern Text- und Bildgeneratoren sowie weitere KI-Tools das Lehren und Lernen?<\/strong><br>Inhalte: Die Technik hinter KI-Generatoren, Demo-Anwendungen, Befehle (Prompts) f\u00fcr ChatGPT, Orientierungsrahmen f\u00fcr Bayerische Schulen, Chancen und Grenzen, KI und Recht, Fortbildungs- und weitere Online-Angebote.<br>(Anmeldung und Details in fibs unter <a href=\"https:\/\/fibs.alp.dillingen.de?event_id=342576\" target=\"_blank\" rel=\"noreferrer noopener\">https:\/\/fibs.alp.dillingen.de?event_id=342576<\/a>)<\/li>\n\n\n\n<li><strong>Mo, 26.06.2023, 16:15 &#8211; 17:30 Uhr &#8211; Onlinefortbildung: Urheberrecht Texte\/Bilder aktuell &#8211; unter welchen Bedingungen kann ich Texte und Bilder aus B\u00fcchern, Schulwerken, Internet, Suchmaschinen oder Tageszeitungen und Zeitschriften verwenden?<\/strong><br>Die Fortbildung geht auf den aktuellsten Sachstand vom 31.05.2023 zu Vervielf\u00e4ltigungen an Schulen ein. Seit kurzem wurde das Kopieren und die Weitergabe von Text- und Bildwerken um die Neufassung der Regeln bzgl. Zeitungen und Zeitschriften neu erg\u00e4nzt. Die aktuelle Rechtslage wird f\u00fcr verschiedene schulische Szenarien dargestellt. Zudem wird auf das neue und f\u00fcr die Schulen kostenfreie &#8222;Presseportal f\u00fcr Schulen&#8220; der PMG eingegangen, das zus\u00e4tzlich auch die Recherche von Zeitungs- und Zeitschriftenartikeln erleichtert. Dazu werden Registrierung und Artikel- bzw. Ausgabensuche demonstriert.<br>(Anmeldung und Details in fibs unter <a rel=\"noreferrer noopener\" href=\"https:\/\/fibs.alp.dillingen.de\/?event_id=343140\" target=\"_blank\">https:\/\/fibs.alp.dillingen.de\/?event_id=343140<\/a>)<\/li>\n\n\n\n<li><strong>Mi, 28.06.2023, 14:00 Uhr &#8211; 15:15 Uhr<strong> &#8211; Onlinefortbildung<\/strong>: Nutzung von Filmmedien &#8211; Sichere Quellen f\u00fcr Filme und Bilder im Unterrichtseinsatz<\/strong> (Kooperationsveranstaltung mit der ALP Dillingen: Anmeldung und Details in fibs unter <a rel=\"noreferrer noopener\" href=\"https:\/\/fibs.alp.dillingen.de?event_id=339412\" target=\"_blank\">https:\/\/fibs.alp.dillingen.de?event_id=339412<\/a>)<\/li>\n\n\n\n<li><strong>Mo, 03.07.2023, 14:00 Uhr &#8211; 15:15 Uhr<strong> &#8211; Onlinefortbildung<\/strong>: Beihilfe-Einreichung digital, einfach und ohne Portokosten f\u00fcr Bayerische Beamte:<\/strong> (Kooperationsveranstaltung mit der ALP Dillingen: Anmeldung und Details in fibs unter <a href=\"https:\/\/fibs.alp.dillingen.de?event_id=339416\" target=\"_blank\" rel=\"noreferrer noopener\">https:\/\/fibs.alp.dillingen.de?event_id=339416<\/a>)<\/li>\n\n\n\n<li><strong>Di, 04.07.2023, 14:30 &#8211; 16:00 Uhr &#8211; Pr\u00e4senz-Fortbildung an GMS Gro\u00dfwallstadt: Einf\u00fchrung KI und Schule &#8211; wie ver\u00e4ndern Text- und Bildgeneratoren sowie weitere KI-Tools das Lehren und Lernen?<\/strong><br>Inhalte: Die Technik hinter KI-Generatoren, Demo-Anwendungen, Befehle (Prompts) f\u00fcr ChatGPT, Orientierungsrahmen f\u00fcr Bayerische Schulen, Chancen und Grenzen, KI und Recht, Fortbildungs- und weitere Online-Angebote.<br>(Anmeldung und Details in fibs unter <a href=\"https:\/\/fibs.alp.dillingen.de?event_id=342577\" target=\"_blank\" rel=\"noreferrer noopener\">https:\/\/fibs.alp.dillingen.de?event_id=342577<\/a>)<\/li>\n\n\n\n<li><strong>Mi, 05.07.2023, 14:30 &#8211; 16:00 Uhr &#8211; Pr\u00e4senz-Fortbildung an GMS Mainaschaff: Einf\u00fchrung KI und Schule &#8211; wie ver\u00e4ndern Text- und Bildgeneratoren sowie weitere KI-Tools das Lehren und Lernen?<\/strong><br>Inhalte: Die Technik hinter KI-Generatoren, Demo-Anwendungen, Befehle (Prompts) f\u00fcr ChatGPT, Orientierungsrahmen f\u00fcr Bayerische Schulen, Chancen und Grenzen, KI und Recht, Fortbildungs- und weitere Online-Angebote.<br>(Anmeldung und Details in fibs unter <a href=\"https:\/\/fibs.alp.dillingen.de?event_id=342579\" target=\"_blank\" rel=\"noreferrer noopener\">https:\/\/fibs.alp.dillingen.de?event_id=342579<\/a>)<\/li>\n\n\n\n<li><strong>Do, 20.07.2023, 14:00 &#8211; 15:30 Uhr &#8211; Onlinefortbildung: Einf\u00fchrung KI und Schule &#8211; wie ver\u00e4ndern Text- und Bildgeneratoren sowie weitere KI-Tools das Lehren und Lernen?<\/strong><br>Inhalte: Die Technik hinter KI-Generatoren, Demo-Anwendungen, Befehle (Prompts) f\u00fcr ChatGPT, Orientierungsrahmen f\u00fcr Bayerische Schulen, Chancen und Grenzen, KI und Recht, Fortbildungs- und weitere Online-Angebote.<br>(Anmeldung und Details in fibs unter <a rel=\"noreferrer noopener\" href=\"https:\/\/fibs.alp.dillingen.de?event_id=342578\" target=\"_blank\">https:\/\/fibs.alp.dillingen.de?event_id=342578<\/a>)<\/li>\n\n\n\n<li><strong>18.09.2023, 14:00 &#8211; 15:15 Uhr &#8211; Onlinefortbildung: Nutzung einer didaktischen Tafelsoftware hier: Openboard<\/strong><br>In der Fortbildung geht es um die Nutzung der kostenfreien Open-Source-Software Openboard (http:\/\/openboard.ch\/index.de.html) f\u00fcr Win, MacOS und Ubuntu, die in S\u00fcdwestdeutschland und der Schweiz weit verbreitet ist. Einsatzszenarien sind der Betrieb interaktiver Tafelsysteme, aber auch an Windows-Tablets und PC\/Notebooks im Distanzunterricht. Das Tafelprogramm bringt auch Zirkel, Lineal und Dreieck sowie viele weitere gr\u00f6\u00dftenteils interaktive Elemente mit. Gr\u00f6\u00dfenverstellbare K\u00e4stchen und Schreiblinien sind standardm\u00e4\u00dfig vorhanden, Grundschullineaturen k\u00f6nnen einfach als Hintergrundbilder eingef\u00fcgt werden.<br>(Kooperationsveranstaltung mit der ALP Dillingen: Anmeldung und Details in fibs unter N.N.)<\/li>\n\n\n\n<li><strong>25.09.2023, Urheberrecht in der Schule im Fortbildungskontext <\/strong>(geschlossener Teilnehmerkreis: Referentennetzwerk digitale Schule UFR).<\/li>\n\n\n\n<li><strong>Do, 19.10.2023, 15:00 Uhr &#8211; 16:15 Uhr<strong> &#8211; Onlinefortbildung<\/strong>: Beihilfe-Einreichung digital, einfach und ohne Portokosten f\u00fcr Bayerische Beamte:<\/strong> (Kooperationsveranstaltung mit der ALP Dillingen: Anmeldung und Details in fibs unter N.N.)<\/li>\n\n\n\n<li><strong>Individuelle Fortbildung auf Einladung<\/strong><br>Individuelle Fortbildungen, zu denen zielgruppenspezifisch eingeladen wird, werden hier nicht aufgef\u00fchrt.<\/li>\n<\/ul>\n\n\n\n<h4 class=\"wp-block-heading\" id=\"so-nehme-ich-an-der-online-fortbildung-teil\"><strong>So nehme ich an der Online-Fortbildung teil (gilt nicht f\u00fcr Kooperationsveranstaltungen mit der ALP Dillingen):<\/strong><\/h4>\n\n\n\n<p class=\"has-bright-blue-background-color has-background\">Einwahldaten<br><strong>Zur Teilnahme einfach auf den Link klicken:<\/strong><br><a rel=\"noreferrer noopener\" href=\"https:\/\/schulen-stadtab.webex.com\/meet\/behl\" target=\"_blank\"><strong>https:\/\/schulen-stadtab.webex.com\/meet\/behl<\/strong><\/a> (gilt <strong>nicht <\/strong>f\u00fcr Kooperationsveranstaltungen mit der ALP Dillingen)<br><strong>Meeting-ID 163 462 0857<\/strong><\/p>\n\n\n\n<h3 class=\"wp-block-heading\" id=\"hinweise\"><span class=\"ez-toc-section\" id=\"Archiv\"><\/span>Archiv<span class=\"ez-toc-section-end\"><\/span><\/h3>\n\n\n\n<ul class=\"wp-block-list\">\n<li>Abgelaufene <a href=\"https:\/\/felixbehl.de\/?page_id=228\">Fortbildungen 2020..<\/a>.<\/li>\n\n\n\n<li>Abgelaufene <a rel=\"noreferrer noopener\" href=\"https:\/\/felixbehl.de\/?page_id=789\" target=\"_blank\">Fortbildungen 2021&#8230;<\/a><\/li>\n\n\n\n<li>Abgelaufene <a rel=\"noreferrer noopener\" href=\"https:\/\/felixbehl.de\/?page_id=1075\" data-type=\"URL\" data-id=\"https:\/\/felixbehl.de\/?page_id=1075\" target=\"_blank\">Fortbildungen 2022&#8230;<\/a><\/li>\n\n\n\n<li>Abgelaufene <a href=\"https:\/\/felixbehl.de\/?p=1159\" target=\"_blank\" rel=\"noreferrer noopener\">Fortbildungen 2023&#8230;<\/a><\/li>\n<\/ul>\n\n\n\n<p class=\"has-bright-blue-background-color has-background\"><strong>Zuk\u00fcnftig werden hier weitere Fortbildungen angeboten. Bitte schauen Sie hier zu einem sp\u00e4teren Zeitpunkt nochmal vorbei, um die Inhalte und Termine zu erfahren.<\/strong> <br><strong>Sie k\u00f6nnen uns gerne Wunschthemen mitteilen.<\/strong><\/p>\n","protected":false},"excerpt":{"rendered":"<p>Link hierher https:\/\/fortbildung.felixbehl.de Anmeldung Anmeldung in fibs unter https:\/\/fibs.alp.dillingen.de mit dem Suchwort &#8222;Behl&#8220; Infos zu Fortbildungsterminen sind auch weiterhin immer unter https:\/\/fortbildung.felixbehl.de einsehbar. Aktuelle Fortbildungstermine So nehme ich an der Online-Fortbildung teil (gilt nicht f\u00fcr Kooperationsveranstaltungen mit der ALP Dillingen): EinwahldatenZur Teilnahme einfach auf den Link klicken:https:\/\/schulen-stadtab.webex.com\/meet\/behl (gilt nicht f\u00fcr Kooperationsveranstaltungen mit der ALP Dillingen)Meeting-ID &hellip; <a href=\"https:\/\/felixbehl.de\/?page_id=126\" class=\"more-link\"><span class=\"screen-reader-text\">Fortbildungen (Online oder Pr\u00e4senz)<\/span> weiterlesen<\/a><\/p>\n","protected":false},"author":1,"featured_media":0,"parent":0,"menu_order":0,"comment_status":"closed","ping_status":"closed","template":"","meta":{"footnotes":""},"class_list":["post-126","page","type-page","status-publish","hentry"],"_links":{"self":[{"href":"https:\/\/felixbehl.de\/index.php?rest_route=\/wp\/v2\/pages\/126","targetHints":{"allow":["GET"]}}],"collection":[{"href":"https:\/\/felixbehl.de\/index.php?rest_route=\/wp\/v2\/pages"}],"about":[{"href":"https:\/\/felixbehl.de\/index.php?rest_route=\/wp\/v2\/types\/page"}],"author":[{"embeddable":true,"href":"https:\/\/felixbehl.de\/index.php?rest_route=\/wp\/v2\/users\/1"}],"replies":[{"embeddable":true,"href":"https:\/\/felixbehl.de\/index.php?rest_route=%2Fwp%2Fv2%2Fcomments&post=126"}],"version-history":[{"count":304,"href":"https:\/\/felixbehl.de\/index.php?rest_route=\/wp\/v2\/pages\/126\/revisions"}],"predecessor-version":[{"id":1194,"href":"https:\/\/felixbehl.de\/index.php?rest_route=\/wp\/v2\/pages\/126\/revisions\/1194"}],"wp:attachment":[{"href":"https:\/\/felixbehl.de\/index.php?rest_route=%2Fwp%2Fv2%2Fmedia&parent=126"}],"curies":[{"name":"wp","href":"https:\/\/api.w.org\/{rel}","templated":true}]}}