{"id":1099,"date":"2022-12-09T11:23:25","date_gmt":"2022-12-09T10:23:25","guid":{"rendered":"https:\/\/felixbehl.de\/?page_id=1099"},"modified":"2022-12-19T12:23:17","modified_gmt":"2022-12-19T11:23:17","slug":"lehramtsanwaerter","status":"publish","type":"page","link":"https:\/\/felixbehl.de\/?page_id=1099","title":{"rendered":"Ausbildungsger\u00e4te LAA\/FLA"},"content":{"rendered":"\n<p>Die Lehramtsanw\u00e4rter k\u00f6nnen hier bei Problemen und Fragestellungen rund um die Ausbildungsger\u00e4te (iPad\/AppleTV\/Zubeh\u00f6r) des KM Unterst\u00fctzung bekommen.<\/p>\n\n\n\n<p>Zudem bekommen die Lehramtsanw\u00e4rter bei pers\u00f6nlichem Bedarf au\u00dferhalb der <a href=\"https:\/\/felixbehl.de\/?page_id=1115\" data-type=\"page\" data-id=\"1115\">Seminartage digitale Bildung<\/a> auch Support bei Fragen zu Medieneinsatz, Medienerziehung und Mediendidaktik sowie Datenschutz und Medien-\/Urheberrecht.<\/p>\n\n\n\n<h4 class=\"wp-block-heading\">Kontakt:<\/h4>\n\n\n\n<p>Felix Behl, Berater f\u00fcr digitale Bildung, Datenschutzbeauftragter<br>Fon: 09371 501 568 &#8211; E-Mail: <a rel=\"noreferrer noopener\" href=\"mailto:f.behl@bdb-bay.de\" target=\"_blank\">f.behl@bdb-bay.de<\/a><\/p>\n\n\n\n<p>Ingrid Faust, Beraterin f\u00fcr digitale Bildung<br>E-Mail: <a href=\"mailto:faust@bdb-bay.de\">faust@bdb-bay.de<\/a> <\/p>\n\n\n\n<h4 class=\"wp-block-heading\">Downloads:<\/h4>\n\n\n\n<p>Download <a href=\"https:\/\/felixbehl.de\/wp-content\/uploads\/2022\/12\/BdB-Curriculum-Felix-Behl-Seminarausbildung-2022.12.pdf\" data-type=\"URL\" data-id=\"https:\/\/felixbehl.de\/wp-content\/uploads\/2022\/12\/BdB-Curriculum-Felix-Behl-Seminarausbildung-2022.12.pdf\" target=\"_blank\" rel=\"noreferrer noopener\">Seminarcurriculum<\/a><\/p>\n","protected":false},"excerpt":{"rendered":"<p>Die Lehramtsanw\u00e4rter k\u00f6nnen hier bei Problemen und Fragestellungen rund um die Ausbildungsger\u00e4te (iPad\/AppleTV\/Zubeh\u00f6r) des KM Unterst\u00fctzung bekommen. Zudem bekommen die Lehramtsanw\u00e4rter bei pers\u00f6nlichem Bedarf au\u00dferhalb der Seminartage digitale Bildung auch Support bei Fragen zu Medieneinsatz, Medienerziehung und Mediendidaktik sowie Datenschutz und Medien-\/Urheberrecht. Kontakt: Felix Behl, Berater f\u00fcr digitale Bildung, DatenschutzbeauftragterFon: 09371 501 568 &#8211; E-Mail: &hellip; <a href=\"https:\/\/felixbehl.de\/?page_id=1099\" class=\"more-link\"><span class=\"screen-reader-text\">Ausbildungsger\u00e4te LAA\/FLA<\/span> weiterlesen<\/a><\/p>\n","protected":false},"author":1,"featured_media":0,"parent":0,"menu_order":0,"comment_status":"closed","ping_status":"closed","template":"","meta":{"footnotes":""},"class_list":["post-1099","page","type-page","status-publish","hentry"],"_links":{"self":[{"href":"https:\/\/felixbehl.de\/index.php?rest_route=\/wp\/v2\/pages\/1099","targetHints":{"allow":["GET"]}}],"collection":[{"href":"https:\/\/felixbehl.de\/index.php?rest_route=\/wp\/v2\/pages"}],"about":[{"href":"https:\/\/felixbehl.de\/index.php?rest_route=\/wp\/v2\/types\/page"}],"author":[{"embeddable":true,"href":"https:\/\/felixbehl.de\/index.php?rest_route=\/wp\/v2\/users\/1"}],"replies":[{"embeddable":true,"href":"https:\/\/felixbehl.de\/index.php?rest_route=%2Fwp%2Fv2%2Fcomments&post=1099"}],"version-history":[{"count":10,"href":"https:\/\/felixbehl.de\/index.php?rest_route=\/wp\/v2\/pages\/1099\/revisions"}],"predecessor-version":[{"id":1119,"href":"https:\/\/felixbehl.de\/index.php?rest_route=\/wp\/v2\/pages\/1099\/revisions\/1119"}],"wp:attachment":[{"href":"https:\/\/felixbehl.de\/index.php?rest_route=%2Fwp%2Fv2%2Fmedia&parent=1099"}],"curies":[{"name":"wp","href":"https:\/\/api.w.org\/{rel}","templated":true}]}}